{"id":274,"date":"2025-06-20T11:33:26","date_gmt":"2025-06-20T09:33:26","guid":{"rendered":"https:\/\/thtecheu.com\/en\/?post_type=product&#038;p=274"},"modified":"2025-06-23T10:18:11","modified_gmt":"2025-06-23T08:18:11","slug":"manometro-a-membrana-pvd-2","status":"publish","type":"product","link":"https:\/\/thtecheu.com\/en\/prodotto\/manometro-a-membrana-pvd-2\/","title":{"rendered":"Membrane manometer \u2013 PVD"},"content":{"rendered":"<p>Il Manometro a membrana COMPATTO\u2013 PSD sfrutta la dimensione compatta per potersi inserire come ottimo strumento di misurazione e monitoraggio in sistemi di bassa portata, macchine e reti di piccole dimensioni. Ideale per la misurazione di ambienti e fluidi in bassa pressione e per il rilevamento di perdite (fluidi gassosi o liquidi) anche limitate.<br \/>\nSi tratta di uno strumento ad alta precisione,\u00a0prodotto dalla WINTERS, dei cui valori possono giovare impianti di refrigerazione, condizionamento, filtrazione, industria di processo e sistemi in cui la sicurezza della ricerca delle perdite \u00e8 un fattore piuttosto rilevante.<br \/>\nPeculiarit\u00e0 di questo dispositivo: la dimensione COMPATTA e la possibilit\u00e0 di individuare con molta sensibilit\u00e0\u00a0fluidi diversificati, gas umidi e fluidi con un\u2019alta percentuale di particelle.<br \/>\nPer utilizzare questo manometro, con separatore a membrana compatto, nei vostri sistemi di filtrazione vi invitiamo a farne richiesta al nostro ufficio vendita COMPILANDO il modulo a fondo pagina.<\/p>\n<h3>\u00a0Manometro a membrana COMPATTO<\/h3>\n<h4>Cosa sapere sul dispositivo<\/h4>\n<ul>\n<li>CORPO in alluminio, SS, ottone<\/li>\n<li>Installazione in linea, alle estremit\u00e0, superiore\/inferiore o inferiore<\/li>\n<li>Accoppiamento magnetico con sensore a membrana convoluta<\/li>\n<\/ul>\n<h4>Dove utilizzarlo?<\/h4>\n<ul>\n<li>Sistemi ed impianti di filtrazione<\/li>\n<li>Impianti di refrigerazione e condizionamento<\/li>\n<li>Impianti Gas a bassa pressione<\/li>\n<li>Strumento per il rilevamento perdite<\/li>\n<li>Ideale per individuare fluidi di diversa natura, gas umidi, fluidi con un\u2019elevata concentrazione di particelle.<\/li>\n<li>Pu\u00f2 essere utilizzato con una membrana a tenuta chimica.<\/li>\n<\/ul>\n<h4>Caratteristiche generali<\/h4>\n<ul>\n<li>Manometro differenziale versatile per il rilevamento di pressioni anche molto basse<\/li>\n<li>Presenti interruttori di azionamento<\/li>\n<li>Conformit\u00e0 a ASME B40.100<\/li>\n<li>Grado di protezione garantito IP65<\/li>\n<li>Dotato di garanzia 5 anni<\/li>\n<\/ul>\n<h3>Funzioni<\/h3>\n<p>Il PSD \u00e8 un tradizionale e versatile manometro che grazie alle dimensioni compatte pu\u00f2 essere applicato a svariati settori e circuiti. Pu\u00f2 svolgere classiche funzioni di monitoraggio della pressione anche se la sensibilit\u00e0 dei suoi sensori lo porta ad essere un ottimo strumento per la rilevazione delle perdite e delle fughe di gas e fluidi liquidi.<\/p>\n<h3>Come richiedere questo dispositivo?<\/h3>\n<p>Quando il vostro strumento di misurazione della pressione deve essere particolarmente SENSIBILE per la rilevazione di perdite e fughe e allo stesso tempo COMPATTO e resistente, allora potrete indirizzarvi verso il manometro PSD firmato WINTERS.<\/p>\n<p>Alta precisione, compattezza e resistenza fanno di questo strumento un apparecchio immancabile sui vostri circuiti. Richiedetene l\u2019acquisto o la personalizzazione qui, compilando il modulo.<\/p>\n","protected":false},"excerpt":{"rendered":"<p>Il Manometro a membrana COMPATTO\u2013 PSD sfrutta la dimensione compatta per potersi inserire come ottimo strumento di misurazione e monitoraggio in sistemi di bassa portata, macchine e reti di piccole dimensioni. Ideale per la misurazione di ambienti e fluidi in bassa pressione e per il rilevamento di perdite (fluidi gassosi o liquidi) anche limitate.<\/p>\n","protected":false},"featured_media":375,"comment_status":"open","ping_status":"closed","template":"","meta":{"_acf_changed":false},"product_brand":[32],"product_cat":[127],"product_tag":[129,152,116],"class_list":{"0":"post-274","1":"product","2":"type-product","3":"status-publish","4":"has-post-thumbnail","6":"product_brand-winters-instruments","7":"product_cat-pressure-products","8":"product_tag-manometer","9":"product_tag-membrane-manometer","10":"product_tag-winters","12":"first","13":"instock","14":"shipping-taxable","15":"product-type-simple"},"acf":[],"_links":{"self":[{"href":"https:\/\/thtecheu.com\/en\/wp-json\/wp\/v2\/product\/274","targetHints":{"allow":["GET"]}}],"collection":[{"href":"https:\/\/thtecheu.com\/en\/wp-json\/wp\/v2\/product"}],"about":[{"href":"https:\/\/thtecheu.com\/en\/wp-json\/wp\/v2\/types\/product"}],"replies":[{"embeddable":true,"href":"https:\/\/thtecheu.com\/en\/wp-json\/wp\/v2\/comments?post=274"}],"wp:featuredmedia":[{"embeddable":true,"href":"https:\/\/thtecheu.com\/en\/wp-json\/wp\/v2\/media\/375"}],"wp:attachment":[{"href":"https:\/\/thtecheu.com\/en\/wp-json\/wp\/v2\/media?parent=274"}],"wp:term":[{"taxonomy":"product_brand","embeddable":true,"href":"https:\/\/thtecheu.com\/en\/wp-json\/wp\/v2\/product_brand?post=274"},{"taxonomy":"product_cat","embeddable":true,"href":"https:\/\/thtecheu.com\/en\/wp-json\/wp\/v2\/product_cat?post=274"},{"taxonomy":"product_tag","embeddable":true,"href":"https:\/\/thtecheu.com\/en\/wp-json\/wp\/v2\/product_tag?post=274"}],"curies":[{"name":"wp","href":"https:\/\/api.w.org\/{rel}","templated":true}]}}