{"id":55,"date":"2025-06-23T09:36:27","date_gmt":"2025-06-23T07:36:27","guid":{"rendered":"https:\/\/thtecheu.com\/ro\/lazienda\/"},"modified":"2025-06-24T12:12:33","modified_gmt":"2025-06-24T10:12:33","slug":"lazienda","status":"publish","type":"page","link":"https:\/\/thtecheu.com\/ro\/lazienda\/","title":{"rendered":"Compania"},"content":{"rendered":"\t\t<div data-elementor-type=\"wp-page\" data-elementor-id=\"55\" class=\"elementor elementor-55\" data-elementor-post-type=\"page\">\n\t\t\t\t<div class=\"elementor-element elementor-element-ef2b1b4 e-flex e-con-boxed wpr-particle-no wpr-jarallax-no wpr-parallax-no wpr-sticky-section-no wpr-equal-height-no e-con e-parent\" data-id=\"ef2b1b4\" data-element_type=\"container\" data-e-type=\"container\" data-settings=\"{&quot;background_background&quot;:&quot;classic&quot;}\">\n\t\t\t\t\t<div class=\"e-con-inner\">\n\t\t\t\t\t<\/div>\n\t\t\t\t<\/div>\n\t\t<div class=\"elementor-element elementor-element-2590fd90 e-flex e-con-boxed wpr-particle-no wpr-jarallax-no wpr-parallax-no wpr-sticky-section-no wpr-equal-height-no e-con e-parent\" data-id=\"2590fd90\" data-element_type=\"container\" data-e-type=\"container\">\n\t\t\t\t\t<div class=\"e-con-inner\">\n\t\t\t\t<div class=\"elementor-element elementor-element-1add7e28 elementor-widget elementor-widget-image\" data-id=\"1add7e28\" data-element_type=\"widget\" data-e-type=\"widget\" data-widget_type=\"image.default\">\n\t\t\t\t<div class=\"elementor-widget-container\">\n\t\t\t\t\t\t\t\t\t\t\t\t\t\t\t<img fetchpriority=\"high\" decoding=\"async\" width=\"800\" height=\"244\" src=\"https:\/\/thtecheu.com\/ro\/wp-content\/uploads\/sites\/2\/2025\/06\/back-company-1.jpg\" class=\"attachment-large size-large wp-image-31\" alt=\"\" \/>\t\t\t\t\t\t\t\t\t\t\t\t\t\t\t<\/div>\n\t\t\t\t<\/div>\n\t\t\t\t\t<\/div>\n\t\t\t\t<\/div>\n\t\t<div class=\"elementor-element elementor-element-2978e10f e-flex e-con-boxed wpr-particle-no wpr-jarallax-no wpr-parallax-no wpr-sticky-section-no wpr-equal-height-no e-con e-parent\" data-id=\"2978e10f\" data-element_type=\"container\" data-e-type=\"container\">\n\t\t\t\t\t<div class=\"e-con-inner\">\n\t\t<div class=\"elementor-element elementor-element-37931a e-con-full e-flex wpr-particle-no wpr-jarallax-no wpr-parallax-no wpr-sticky-section-no wpr-equal-height-no e-con e-child\" data-id=\"37931a\" data-element_type=\"container\" data-e-type=\"container\" data-settings=\"{&quot;background_background&quot;:&quot;classic&quot;}\">\n\t\t\t\t<div class=\"elementor-element elementor-element-77b83e9f elementor-widget elementor-widget-heading\" data-id=\"77b83e9f\" data-element_type=\"widget\" data-e-type=\"widget\" data-widget_type=\"heading.default\">\n\t\t\t\t<div class=\"elementor-widget-container\">\n\t\t\t\t\t<h2 class=\"elementor-heading-title elementor-size-default\">Expertiz\u0103, experien\u021b\u0103 \u0219i integritate<\/h2>\t\t\t\t<\/div>\n\t\t\t\t<\/div>\n\t\t\t\t<\/div>\n\t\t<div class=\"elementor-element elementor-element-58276c7d e-con-full e-flex wpr-particle-no wpr-jarallax-no wpr-parallax-no wpr-sticky-section-no wpr-equal-height-no e-con e-child\" data-id=\"58276c7d\" data-element_type=\"container\" data-e-type=\"container\">\n\t\t\t\t<div class=\"elementor-element elementor-element-71ab4060 elementor-widget elementor-widget-text-editor\" data-id=\"71ab4060\" data-element_type=\"widget\" data-e-type=\"widget\" data-widget_type=\"text-editor.default\">\n\t\t\t\t<div class=\"elementor-widget-container\">\n\t\t\t\t\t\t\t\t\t<p>Ne m\u00e2ndrim cu faptul c\u0103 suntem un partener competent, flexibil \u0219i de \u00eencredere, care ofer\u0103 \u00een mod constant o varietate de instrumente care \u00eendeplinesc sau dep\u0103\u0219esc a\u0219tept\u0103rile clien\u021bilor \u0219i sunt potrivite pentru o gam\u0103 larg\u0103 de aplica\u021bii.<\/p><p>Suntem capabili s\u0103 \u00eendeplinim chiar \u0219i cele mai exigente cerin\u021be de instrumenta\u021bie \u0219i ne str\u0103duim s\u0103 oferim solu\u021bii inovatoare \u0219i moderne.<\/p>\t\t\t\t\t\t\t\t<\/div>\n\t\t\t\t<\/div>\n\t\t\t\t<\/div>\n\t\t\t\t\t<\/div>\n\t\t\t\t<\/div>\n\t\t<div class=\"elementor-element elementor-element-615d9d7b e-flex e-con-boxed wpr-particle-no wpr-jarallax-no wpr-parallax-no wpr-sticky-section-no wpr-equal-height-no e-con e-parent\" data-id=\"615d9d7b\" data-element_type=\"container\" data-e-type=\"container\">\n\t\t\t\t\t<div class=\"e-con-inner\">\n\t\t<div class=\"elementor-element elementor-element-4860a65b e-con-full e-flex wpr-particle-no wpr-jarallax-no wpr-parallax-no wpr-sticky-section-no wpr-equal-height-no e-con e-child\" data-id=\"4860a65b\" data-element_type=\"container\" data-e-type=\"container\">\n\t\t\t\t<div class=\"elementor-element elementor-element-4723466d elementor-widget elementor-widget-text-editor\" data-id=\"4723466d\" data-element_type=\"widget\" data-e-type=\"widget\" data-widget_type=\"text-editor.default\">\n\t\t\t\t<div class=\"elementor-widget-container\">\n\t\t\t\t\t\t\t\t\t<p>Echipa noastr\u0103 t\u00e2n\u0103r\u0103 \u0219i dinamic\u0103 asigur\u0103 r\u0103spunsuri rapide \u0219i suport deplin at\u00e2t clien\u021bilor, c\u00e2t \u0219i furnizorilor, stabilind rela\u021bii pe termen lung cu beneficii reciproce.<\/p><p>Cu expertiza, experien\u021ba \u00eendelungat\u0103 \u0219i integritatea noastr\u0103, ne urm\u0103rim misiunea, implement\u0103m calitatea \u0219i ne \u00eembun\u0103t\u0103\u021bim organiza\u021bia zilnic.<\/p>\t\t\t\t\t\t\t\t<\/div>\n\t\t\t\t<\/div>\n\t\t\t\t<\/div>\n\t\t<div class=\"elementor-element elementor-element-2e215990 e-con-full e-flex wpr-particle-no wpr-jarallax-no wpr-parallax-no wpr-sticky-section-no wpr-equal-height-no e-con e-child\" data-id=\"2e215990\" data-element_type=\"container\" data-e-type=\"container\" data-settings=\"{&quot;background_background&quot;:&quot;classic&quot;}\">\n\t\t\t\t<\/div>\n\t\t\t\t\t<\/div>\n\t\t\t\t<\/div>\n\t\t\t\t<\/div>\n\t\t","protected":false},"excerpt":{"rendered":"<p>Expertiz\u0103, experien\u021b\u0103 \u0219i integritate Ne m\u00e2ndrim cu faptul c\u0103 suntem un partener competent, flexibil \u0219i de \u00eencredere, care ofer\u0103 \u00een mod constant o varietate de instrumente care \u00eendeplinesc sau dep\u0103\u0219esc a\u0219tept\u0103rile clien\u021bilor \u0219i sunt potrivite pentru o gam\u0103 larg\u0103 de aplica\u021bii. Suntem capabili s\u0103 \u00eendeplinim chiar \u0219i cele mai exigente cerin\u021be de instrumenta\u021bie \u0219i ne str\u0103duim s\u0103 oferim solu\u021bii inovatoare \u0219i moderne. Echipa noastr\u0103 t\u00e2n\u0103r\u0103 \u0219i dinamic\u0103 asigur\u0103 r\u0103spunsuri rapide \u0219i suport deplin at\u00e2t clien\u021bilor, c\u00e2t \u0219i furnizorilor, stabilind rela\u021bii pe termen lung cu beneficii reciproce. Cu expertiza, experien\u021ba \u00eendelungat\u0103 \u0219i integritatea noastr\u0103, ne urm\u0103rim misiunea, implement\u0103m calitatea \u0219i ne \u00eembun\u0103t\u0103\u021bim organiza\u021bia zilnic.<\/p>\n","protected":false},"author":1,"featured_media":0,"parent":0,"menu_order":0,"comment_status":"closed","ping_status":"closed","template":"elementor_header_footer","meta":{"_acf_changed":false,"footnotes":""},"class_list":["post-55","page","type-page","status-publish","hentry"],"acf":[],"_links":{"self":[{"href":"https:\/\/thtecheu.com\/ro\/wp-json\/wp\/v2\/pages\/55","targetHints":{"allow":["GET"]}}],"collection":[{"href":"https:\/\/thtecheu.com\/ro\/wp-json\/wp\/v2\/pages"}],"about":[{"href":"https:\/\/thtecheu.com\/ro\/wp-json\/wp\/v2\/types\/page"}],"author":[{"embeddable":true,"href":"https:\/\/thtecheu.com\/ro\/wp-json\/wp\/v2\/users\/1"}],"replies":[{"embeddable":true,"href":"https:\/\/thtecheu.com\/ro\/wp-json\/wp\/v2\/comments?post=55"}],"version-history":[{"count":8,"href":"https:\/\/thtecheu.com\/ro\/wp-json\/wp\/v2\/pages\/55\/revisions"}],"predecessor-version":[{"id":474,"href":"https:\/\/thtecheu.com\/ro\/wp-json\/wp\/v2\/pages\/55\/revisions\/474"}],"wp:attachment":[{"href":"https:\/\/thtecheu.com\/ro\/wp-json\/wp\/v2\/media?parent=55"}],"curies":[{"name":"wp","href":"https:\/\/api.w.org\/{rel}","templated":true}]}}