{"id":202,"date":"2025-06-23T09:43:56","date_gmt":"2025-06-23T07:43:56","guid":{"rendered":"https:\/\/thtecheu.com\/ro\/?post_type=product&#038;p=202"},"modified":"2025-09-30T17:54:19","modified_gmt":"2025-09-30T15:54:19","slug":"manometre-cu-contacte-electrice","status":"publish","type":"product","link":"https:\/\/thtecheu.com\/ro\/prodotto\/manometre-cu-contacte-electrice\/","title":{"rendered":"Manometre cu contacte electrice"},"content":{"rendered":"<p>Dispozitive de aplicare a manometrelor pentru obt\u0326inerea unei intervent\u0326ii electrice in corespondent\u0327a\u0306 cu determinate valori de presiune pe aparatura ca motoare, pompe s\u0327i alarme. Valorile sunt setate pe i\u0302ntreaga scala\u0306 a instrumentului prin indici manevrabile din exterior.<\/p>\n<p>Este posibil, in caz de vibrat\u0326ii ale instalat\u0326iei sau presiunilor butoanelor, sa\u0306 se prevada\u0306 umplerea instrumentului cu ulei dielectric.<\/p>\n<p>&nbsp;<\/p>\n<p><strong>APLICA\u021aII<\/strong><\/p>\n<ul>\n<li>Industria chimic\u0103, petrochimic\u0103, alimentar\u0103 \u0219i farmaceutic\u0103<\/li>\n<li>Lichide agresive non-v\u00e2scoase<\/li>\n<li>Gaze agresive<\/li>\n<li>Glicerina umplut\u0103 \u00een prezen\u021ba vibra\u021biilor<\/li>\n<\/ul>\n<p>&nbsp;<\/p>\n<p><strong>CARACTERISTICI<\/strong><\/p>\n<p>Contacte electrice folosite in conditii normale de exercit\u0326iu fa\u0306ra\u0306 vibrat\u0326ii s\u0327i cu capacitate sca\u0306zuta\u0306 de intervent\u0326ie. Posibilitatea de ada\u0306ugare a unui bloc magnetic pentru cres\u0326terea sigurant\u0326ei contactului, duratei s\u0327i insensibilita\u0306t\u0326ii la vibrat\u0326ii.<\/p>\n<ul>\n<li>Contact din aliaj Ag\/Ni aurit 5 pm<\/li>\n<li>Apropriere maxima a contactelor 2%<\/li>\n<li>Putere de rupere 10W\/18VA (30W\/18VA cu contacte magnetice)<\/li>\n<\/ul>\n","protected":false},"excerpt":{"rendered":"<p>Dispozitive de aplicare a manometrelor pentru obt\u0326inerea unei intervent\u0326ii electrice in corespondent\u0327a\u0306 cu determinate valori de presiune pe aparatura ca motoare, pompe s\u0327i alarme. Valorile sunt setate pe i\u0302ntreaga scala\u0306 a instrumentului prin indici manevrabile din exterior.<\/p>\n","protected":false},"featured_media":274,"comment_status":"open","ping_status":"closed","template":"","meta":{"_acf_changed":false},"product_brand":[31],"product_cat":[122],"product_tag":[169,170,112],"class_list":{"0":"post-202","1":"product","2":"type-product","3":"status-publish","4":"has-post-thumbnail","6":"product_brand-th-tech","7":"product_cat-presiune-produse","8":"product_tag-manometre","9":"product_tag-manometre-electrice","10":"product_tag-th-tech-engineering","12":"first","13":"instock","14":"shipping-taxable","15":"product-type-simple"},"acf":[],"_links":{"self":[{"href":"https:\/\/thtecheu.com\/ro\/wp-json\/wp\/v2\/product\/202","targetHints":{"allow":["GET"]}}],"collection":[{"href":"https:\/\/thtecheu.com\/ro\/wp-json\/wp\/v2\/product"}],"about":[{"href":"https:\/\/thtecheu.com\/ro\/wp-json\/wp\/v2\/types\/product"}],"replies":[{"embeddable":true,"href":"https:\/\/thtecheu.com\/ro\/wp-json\/wp\/v2\/comments?post=202"}],"wp:featuredmedia":[{"embeddable":true,"href":"https:\/\/thtecheu.com\/ro\/wp-json\/wp\/v2\/media\/274"}],"wp:attachment":[{"href":"https:\/\/thtecheu.com\/ro\/wp-json\/wp\/v2\/media?parent=202"}],"wp:term":[{"taxonomy":"product_brand","embeddable":true,"href":"https:\/\/thtecheu.com\/ro\/wp-json\/wp\/v2\/product_brand?post=202"},{"taxonomy":"product_cat","embeddable":true,"href":"https:\/\/thtecheu.com\/ro\/wp-json\/wp\/v2\/product_cat?post=202"},{"taxonomy":"product_tag","embeddable":true,"href":"https:\/\/thtecheu.com\/ro\/wp-json\/wp\/v2\/product_tag?post=202"}],"curies":[{"name":"wp","href":"https:\/\/api.w.org\/{rel}","templated":true}]}}