{"id":204,"date":"2025-06-23T09:43:56","date_gmt":"2025-06-23T07:43:56","guid":{"rendered":"https:\/\/thtecheu.com\/ro\/?post_type=product&#038;p=204"},"modified":"2025-09-30T17:55:32","modified_gmt":"2025-09-30T15:55:32","slug":"contor-electronic-pvc-cu-turbina","status":"publish","type":"product","link":"https:\/\/thtecheu.com\/ro\/prodotto\/contor-electronic-pvc-cu-turbina\/","title":{"rendered":"Contor electronic pvc cu turbina"},"content":{"rendered":"<p>Instrumente cu standard ridicat de calitate s\u0327i precizie. Realizate cu corp integral din PVC atoxic cu prinderi filetate GAZ feminin.<\/p>\n<p>Indicat in principal pentru lichide put\u0326in va\u0302scoase reus\u0326es\u0326te sa\u0306 atinga\u0306 optime prestat\u0326ii pe capacita\u0306t\u0326i nominale datorita\u0306 turbinei axiale.<\/p>\n<p>Dotate cu display digital LCD pentru o rapida\u0306 s\u0327i simpla\u0306 citire a operatorului in timp real. Durata minima\u0306 garantata\u0306 de 1000 ore de lucru datorita\u0306 dublei baterii de 1,5V format stil AA us\u0326or reperabil in comert\u0326. Cadrul robust din PVC atoxic si i\u0302nchiderea cu cutie din otel inox fac aceste articole cu rezistent\u0327a IP65.<\/p>\n<p>Calibrabile us\u0326or prin modificarea valorii constantei denumite factor K. Realizate da\u0302nd posibilitatea de aducere la zero dupa\u0306 fiecare trecere pentru o simpla citire a diverselor utiliza\u0306ri, prevede si funct\u0326iunea de fluximetru, printr-o simpla\u0306 ss\u0327i intuitiva\u0306 trecere, pentru controlarea in timp real a capacita\u0306t\u0326ii pompei in acel precis moment in l\/min.<\/p>\n<p>&nbsp;<\/p>\n<p><strong>APLICA\u021aII<\/strong><\/p>\n<ul>\n<li>Ap\u0103<\/li>\n<li>F\u0103r\u0103 lichide v\u00e2scoase<\/li>\n<\/ul>\n<p>&nbsp;<\/p>\n<p><strong>CARACTERISTICI<\/strong><\/p>\n<ul>\n<li>Reseta\u021bi num\u0103rul dup\u0103 fiecare pasaj<\/li>\n<li>Func\u021bia contorului de debit<\/li>\n<li>Sigiliul IP 65<\/li>\n<li>Alimentat cu 2 baterii de 1,5V dimensiune AA<\/li>\n<li>Fire de conexiune standard BSP FEMALE<\/li>\n<li>Precizia cea mai bun\u0103 de 1% la mijlocul. debitul<\/li>\n<\/ul>\n","protected":false},"excerpt":{"rendered":"<p>Instrumente cu standard ridicat de calitate s\u0327i precizie. Realizate cu corp integral din PVC atoxic cu prinderi filetate GAZ feminin.<\/p>\n<p>Indicat in principal pentru lichide put\u0326in va\u0302scoase reus\u0326es\u0326te sa\u0306 atinga\u0306 optime prestat\u0326ii pe capacita\u0306t\u0326i nominale datorita\u0306 turbinei axiale.<\/p>\n","protected":false},"featured_media":279,"comment_status":"open","ping_status":"closed","template":"","meta":{"_acf_changed":false},"product_brand":[31],"product_cat":[124],"product_tag":[171,172,87,112],"class_list":{"0":"post-204","1":"product","2":"type-product","3":"status-publish","4":"has-post-thumbnail","6":"product_brand-th-tech","7":"product_cat-flux-produse","8":"product_tag-contralte","9":"product_tag-contralte-pentru-turbine","10":"product_tag-pvc","11":"product_tag-th-tech-engineering","13":"first","14":"instock","15":"shipping-taxable","16":"product-type-simple"},"acf":[],"_links":{"self":[{"href":"https:\/\/thtecheu.com\/ro\/wp-json\/wp\/v2\/product\/204","targetHints":{"allow":["GET"]}}],"collection":[{"href":"https:\/\/thtecheu.com\/ro\/wp-json\/wp\/v2\/product"}],"about":[{"href":"https:\/\/thtecheu.com\/ro\/wp-json\/wp\/v2\/types\/product"}],"replies":[{"embeddable":true,"href":"https:\/\/thtecheu.com\/ro\/wp-json\/wp\/v2\/comments?post=204"}],"wp:featuredmedia":[{"embeddable":true,"href":"https:\/\/thtecheu.com\/ro\/wp-json\/wp\/v2\/media\/279"}],"wp:attachment":[{"href":"https:\/\/thtecheu.com\/ro\/wp-json\/wp\/v2\/media?parent=204"}],"wp:term":[{"taxonomy":"product_brand","embeddable":true,"href":"https:\/\/thtecheu.com\/ro\/wp-json\/wp\/v2\/product_brand?post=204"},{"taxonomy":"product_cat","embeddable":true,"href":"https:\/\/thtecheu.com\/ro\/wp-json\/wp\/v2\/product_cat?post=204"},{"taxonomy":"product_tag","embeddable":true,"href":"https:\/\/thtecheu.com\/ro\/wp-json\/wp\/v2\/product_tag?post=204"}],"curies":[{"name":"wp","href":"https:\/\/api.w.org\/{rel}","templated":true}]}}