{"id":205,"date":"2025-06-23T09:43:56","date_gmt":"2025-06-23T07:43:56","guid":{"rendered":"https:\/\/thtecheu.com\/ro\/?post_type=product&#038;p=205"},"modified":"2025-09-30T17:58:07","modified_gmt":"2025-09-30T15:58:07","slug":"contor-electronic","status":"publish","type":"product","link":"https:\/\/thtecheu.com\/ro\/prodotto\/contor-electronic\/","title":{"rendered":"Contor Electronic"},"content":{"rendered":"<p>Contor electronic indicat pentru utilizare bag in box.<\/p>\n<p>Realizat cu materiale de avangarda\u0306 care il fac robust s\u0327i extrem de manevrabil datorita\u0306 lejerita\u0306t\u0326ii s\u0327i adecvat s\u0327i indicat pentru contactul cu lichide alimentare ca Vinul s\u0327i Berea.<\/p>\n<p>Contorul electronic bag in box este preva\u0306zut cu tasta de aducere la zero pentru a fi resetat dupa\u0306 fiecare utilizare. Funct\u0326iunea practica\u0306 de calibrare permite utilizarea s\u0327i pentru ca\u0306dere gravitat\u0326ionala\u0306 sau pentru mici decanta\u0306ri prin pompe cu capacitate sca\u0306zuta\u0306. Un display mare LCD garanteaza\u0306 citirea us\u0326oara\u0306 a calculului part\u0326ial s\u0327i total al litrilor.<\/p>\n<p>Turbina speciala\u0306 \u201ehelical spirale\u201d permite o precizie care nu a mai fost atinsa i\u0302nainte s\u0327i nu suporta interferentele date de mici parti solide, cum in schimb se i\u0302nta\u0302mpla\u0306 cu turbinele standard. Instrumentul este alimentat cu doua baterii de tip AAA us\u0326or reperabile care garanteaza\u0306 autonomia pentru 2 ani de utilizare moderata\u0306 sau 1 an de utilizare intensa\u0306.<\/p>\n<p>&nbsp;<\/p>\n<p><strong>CARACTERISTICI<\/strong><\/p>\n<ul>\n<li>Corp de calitate alimentar\u0103 din nailon<\/li>\n<li>Turbin\u0103 special\u0103 \u201espiral\u0103 elicoidal\u0103\u201d<\/li>\n<li>Rotor realizat din r\u0103\u0219in\u0103 poliamidic\u0103 + ferit\u0103 (calitate alimentar\u0103)<\/li>\n<li>Modul PC cu afi\u0219aj LCD cu 5 cifre<\/li>\n<li>Reseta\u021bi modul la contor par\u021bial \u0219i contor total<\/li>\n<li>Modul debitmetru \u0219i contor litru<\/li>\n<li>Indicarea debitului poate fi calibrat\u0103<\/li>\n<\/ul>\n","protected":false},"excerpt":{"rendered":"<p>Contor electronic indicat pentru utilizare bag in box.<\/p>\n<p>Realizat cu materiale de avangarda\u0306 care il fac robust s\u0327i extrem de manevrabil datorita\u0306 lejerita\u0306t\u0326ii s\u0327i adecvat s\u0327i indicat pentru contactul cu lichide alimentare ca Vinul s\u0327i Berea.<\/p>\n","protected":false},"featured_media":282,"comment_status":"open","ping_status":"closed","template":"","meta":{"_acf_changed":false},"product_brand":[31],"product_cat":[124],"product_tag":[119,173,112],"class_list":{"0":"post-205","1":"product","2":"type-product","3":"status-publish","4":"has-post-thumbnail","6":"product_brand-th-tech","7":"product_cat-flux-produse","8":"product_tag-debitmetru","9":"product_tag-debitmetru-electronic","10":"product_tag-th-tech-engineering","12":"first","13":"instock","14":"shipping-taxable","15":"product-type-simple"},"acf":[],"_links":{"self":[{"href":"https:\/\/thtecheu.com\/ro\/wp-json\/wp\/v2\/product\/205","targetHints":{"allow":["GET"]}}],"collection":[{"href":"https:\/\/thtecheu.com\/ro\/wp-json\/wp\/v2\/product"}],"about":[{"href":"https:\/\/thtecheu.com\/ro\/wp-json\/wp\/v2\/types\/product"}],"replies":[{"embeddable":true,"href":"https:\/\/thtecheu.com\/ro\/wp-json\/wp\/v2\/comments?post=205"}],"wp:featuredmedia":[{"embeddable":true,"href":"https:\/\/thtecheu.com\/ro\/wp-json\/wp\/v2\/media\/282"}],"wp:attachment":[{"href":"https:\/\/thtecheu.com\/ro\/wp-json\/wp\/v2\/media?parent=205"}],"wp:term":[{"taxonomy":"product_brand","embeddable":true,"href":"https:\/\/thtecheu.com\/ro\/wp-json\/wp\/v2\/product_brand?post=205"},{"taxonomy":"product_cat","embeddable":true,"href":"https:\/\/thtecheu.com\/ro\/wp-json\/wp\/v2\/product_cat?post=205"},{"taxonomy":"product_tag","embeddable":true,"href":"https:\/\/thtecheu.com\/ro\/wp-json\/wp\/v2\/product_tag?post=205"}],"curies":[{"name":"wp","href":"https:\/\/api.w.org\/{rel}","templated":true}]}}