{"id":210,"date":"2025-06-23T09:43:57","date_gmt":"2025-06-23T07:43:57","guid":{"rendered":"https:\/\/thtecheu.com\/ro\/?post_type=product&#038;p=210"},"modified":"2025-06-24T09:30:15","modified_gmt":"2025-06-24T07:30:15","slug":"manometru-pentru-sisteme-de-sprinklere-antiincendiu","status":"publish","type":"product","link":"https:\/\/thtecheu.com\/ro\/prodotto\/manometru-pentru-sisteme-de-sprinklere-antiincendiu\/","title":{"rendered":"Manometru pentru sisteme de sprinklere antiincendiu"},"content":{"rendered":"<p>Manometrele din seria PFE WINTERS, certificate FM \u0219i UL, sunt proiectate \u0219i fabricate pentru a satisface nevoile specifice ale sistemelor de stingere a incendiilor cu sprinklere. Acestea sunt sisteme automate pentru stingerea incendiilor definite ca \u201eploaie\u201d datorit\u0103 distribu\u021biei caracteristice a apei de stingere \u00eentr-un mod controlat \u0219i uniform.<\/p>\n<p>Instrumente de \u00eenalt\u0103 performan\u021b\u0103 pentru m\u0103surarea presiunii aerului \u0219i a apei, manometrele PFE ofer\u0103 un control precis \u0219i constant al valorilor \u00een sistemele de stingere a incendiilor, contribuind la detectarea fumului \u0219i controlul debitului de fluide.<\/p>\n<p>Rezisten\u021ba la coroziune \u0219i longevitatea, precizia detect\u0103rii \u0219i a colect\u0103rii datelor completeaz\u0103 caracteristicile acestui instrument.<\/p>\n<p>V\u0103 invit\u0103m s\u0103 COMPLETA\u021aI formularul din partea de jos a paginii pentru a solicita informa\u021bii suplimentare sau pentru a achizi\u021biona manometrul model PFE.<\/p>\n<h3>\nDESCRIERE<\/h3>\n<p>Lucruri de \u0219tiut despre structura manometrului pentru sistemele de stingere a incendiilor cu sprinklere<\/p>\n<ul>\n<li>CADRAN DE 3,5\u2033 (90 mm) din aluminiu alb cu marcaje negre \u0219i ro\u0219ii.<\/li>\n<li>CAS\u0102 din plastic negru rezistent la coroziune.<\/li>\n<li>LENTIL\u0102 din policarbonat, filetat\u0103.<\/li>\n<li>Racord standard NPT de 1\/4\u2033 \u00een partea de jos.<\/li>\n<li>Tub Bourdon din bronz fosforos.<\/li>\n<li>Precizie \u00b13-2-3% (ASME Grad B).<\/li>\n<li>Clasificare IP52.<\/li>\n<\/ul>\n<h3>\nUnde pot utiliza acest instrument?<\/h3>\n<ul>\n<li>Ideal pentru sisteme de sprinklere antiincendiu \u0219i echipamente de stingere a incendiilor.<\/li>\n<li>Potrivit pentru fluide f\u0103r\u0103 obstruc\u021bii \u0219i necorozive.<\/li>\n<\/ul>\n<h3>Alte informa\u021bii utile<\/h3>\n<ul>\n<li>Conceput special pentru sisteme de sprinklere antiincendiu.<\/li>\n<li>Potrivit pentru m\u0103surarea presiunii aerului \u0219i a apei<\/li>\n<li>Disponibil \u00een scale duble (psi\/kpa, psi\/bar, psi\/kg\/cm^2) \u0219i scal\u0103 unic\u0103 (psi) pentru<\/li>\n<li>m\u0103surarea presiunii.<\/li>\n<li>Aprobat de Factory Mutual (FM) \u0219i listat de Underwriter Laboratory (UL-393) \u00een<\/li>\n<li>Statele Unite \u0219i Canada.<\/li>\n<li>Respect\u0103 ASME B40.100.<\/li>\n<li>\u00cenregistrat CRN.<\/li>\n<li>Garan\u021bie de 5 ani.<\/li>\n<\/ul>\n<h3>Func\u021bii<\/h3>\n<p>Manometrul din seria WINTERS PFE este special conceput pentru sistemele de sprinklere antiincendiu. Acesta joac\u0103 un rol crucial \u00een monitorizarea presiunii \u0219i ofer\u0103 o m\u0103surare precis\u0103 a aerului \u0219i a apei \u00een aceste sisteme, contribuind la func\u021bionarea corect\u0103 a \u00eentregului sistem.<\/p>\n<p>Cum se ob\u021bine un manometru pentru sisteme de stingere cu sprinklere?<\/p>\n<p>Pentru a achizi\u021biona manometrul PFE pentru sisteme de stingere cu sprinklere, completa\u021bi formularul de contact din partea de jos a paginii. Echipa noastr\u0103 tehnic\u0103 v\u0103 va r\u0103spunde \u00een scurt timp cu pre\u021buri, instruc\u021biuni \u0219i informa\u021bii despre cum s\u0103 achizi\u021biona\u021bi produsul.<\/p>\n","protected":false},"excerpt":{"rendered":"<p>Manometrele din seria PFE WINTERS, certificate FM \u0219i UL, sunt proiectate \u0219i fabricate pentru a satisface nevoile specifice ale sistemelor de stingere cu sprinklere. Acestea sunt sisteme automate pentru stingerea incendiilor definite ca \u201ede ploaie\u201d datorit\u0103 distribu\u021biei caracteristice a apei de stingere \u00eentr-un mod controlat \u0219i uniform.<\/p>\n","protected":false},"featured_media":296,"comment_status":"open","ping_status":"closed","template":"","meta":{"_acf_changed":false},"product_brand":[32],"product_cat":[122],"product_tag":[163,151,164,165,116],"class_list":{"0":"post-210","1":"product","2":"type-product","3":"status-publish","4":"has-post-thumbnail","6":"product_brand-winters-instruments","7":"product_cat-presiune-produse","8":"product_tag-incendiu","9":"product_tag-manometru","10":"product_tag-manometru-pentru-sisteme-de-stingere-a-incendiilor","11":"product_tag-sprinklere","12":"product_tag-winters","14":"first","15":"instock","16":"shipping-taxable","17":"product-type-simple"},"acf":[],"_links":{"self":[{"href":"https:\/\/thtecheu.com\/ro\/wp-json\/wp\/v2\/product\/210","targetHints":{"allow":["GET"]}}],"collection":[{"href":"https:\/\/thtecheu.com\/ro\/wp-json\/wp\/v2\/product"}],"about":[{"href":"https:\/\/thtecheu.com\/ro\/wp-json\/wp\/v2\/types\/product"}],"replies":[{"embeddable":true,"href":"https:\/\/thtecheu.com\/ro\/wp-json\/wp\/v2\/comments?post=210"}],"wp:featuredmedia":[{"embeddable":true,"href":"https:\/\/thtecheu.com\/ro\/wp-json\/wp\/v2\/media\/296"}],"wp:attachment":[{"href":"https:\/\/thtecheu.com\/ro\/wp-json\/wp\/v2\/media?parent=210"}],"wp:term":[{"taxonomy":"product_brand","embeddable":true,"href":"https:\/\/thtecheu.com\/ro\/wp-json\/wp\/v2\/product_brand?post=210"},{"taxonomy":"product_cat","embeddable":true,"href":"https:\/\/thtecheu.com\/ro\/wp-json\/wp\/v2\/product_cat?post=210"},{"taxonomy":"product_tag","embeddable":true,"href":"https:\/\/thtecheu.com\/ro\/wp-json\/wp\/v2\/product_tag?post=210"}],"curies":[{"name":"wp","href":"https:\/\/api.w.org\/{rel}","templated":true}]}}