{"id":212,"date":"2025-06-23T09:43:57","date_gmt":"2025-06-23T07:43:57","guid":{"rendered":"https:\/\/thtecheu.com\/ro\/?post_type=product&#038;p=212"},"modified":"2025-06-23T13:36:47","modified_gmt":"2025-06-23T11:36:47","slug":"manometru-diferential-winair-compact-pfd","status":"publish","type":"product","link":"https:\/\/thtecheu.com\/ro\/prodotto\/manometru-diferential-winair-compact-pfd\/","title":{"rendered":"Manometru diferen\u021bial WinAir COMPACT \u2013 PFD"},"content":{"rendered":"<p>C\u00e2nd trebuie s\u0103 monitoriza\u021bi valoarea diferen\u021bial\u0103 a presiunilor POZITIVE \u0219i NEGATIVE sc\u0103zute (vid) ale aerului \u0219i gazelor necorozive \u0219i necombustibile, atunci cea mai bun\u0103 alegere este manometrul diferen\u021bial WINAIR Compact PFD de la WINTERS.<\/p>\n<p>Acesta este un dispozitiv care poate \u00eenlocui foarte bine manometrele tradi\u021bionale cu coloan\u0103 de lichid. Lipsa fluidului manometric elimin\u0103 posibilele probleme de evaporare, \u00eenghe\u021b, toxicitate \u0219i nivelare.<\/p>\n<p>Un instrument fiabil, durabil \u0219i foarte precis, care nu v\u0103 va dezam\u0103gi a\u0219tept\u0103rile de m\u0103surare.<\/p>\n<p>C\u00e2nd s\u0103 alege\u021bi manometrul diferen\u021bial compact WINAIR PFD? C\u00e2nd trebuie s\u0103 m\u0103sura\u021bi presiunea \u00een suflante, ventilatoare, aspiratoare, cuptoare, unit\u0103\u021bi de tratare a aerului sau \u00een prezen\u021ba gazelor necorozive sau combustibile.<\/p>\n<p>Integra\u021bi acest instrument \u00een sistemele dumneavoastr\u0103 complet\u00e2nd formularul de mai jos.<\/p>\n<h3>\nManometru diferen\u021bial<\/h3>\n<h4>Cum este compus dispozitivul?<\/h4>\n<ul>\n<li>CASCA din nailon de calitate industrial\u0103<\/li>\n<li>\u0218URUBURI de reglare la zero u\u0219or accesibile operatorului.<\/li>\n<li>Suport de montare cu \u0219uruburi incluse<\/li>\n<li>DIMENSIUNI cadran compact \u0219i u\u0219or de citit<\/li>\n<li>LENTIL\u0102 din policarbonat<\/li>\n<li>INDICATOR din aluminiu anodizat negru<\/li>\n<li>INSTALARE \u00een pozi\u021bie vertical\u0103<\/li>\n<\/ul>\n<h4>Unde se utilizeaz\u0103?<\/h4>\n<ul>\n<li>Medii cu presiune sc\u0103zut\u0103<\/li>\n<li>Aer \u0219i gaze necombustibile<\/li>\n<li>Suflante<\/li>\n<li>Exhaustoare \u0219i ventilatoare<\/li>\n<li>Monitorizarea vitezei aerului<\/li>\n<li>Tiraj \u00een cuptor<\/li>\n<li>Tratarea aerului \u00een camere sterile \u0219i laboratoare<\/li>\n<li>Potrivit pentru m\u0103surarea nivelurilor de lichide cu sisteme hidrostatice cu barbotare.<\/li>\n<\/ul>\n<h3>Caracteristici ale instrumentului de m\u0103surare<\/h3>\n<ul>\n<li>Manometru diferen\u021bial f\u0103r\u0103 rezisten\u021b\u0103 pentru toate instala\u021biile care necesit\u0103<\/li>\n<li>monitorizarea aerului \u0219i a gazelor necorozive sau combustibile<\/li>\n<li>Dimensiuni compacte \u0219i cadran u\u0219or de citit<\/li>\n<li>Carcas\u0103 din nailon de calitate industrial\u0103<\/li>\n<li>\u0218urub de reglare a zero u\u0219or accesibil<\/li>\n<li>Precizie de 5% la scar\u0103 complet\u0103<\/li>\n<li>Suport de montare cu \u0219uruburi incluse<\/li>\n<li>Garan\u021bie de 5 ani<\/li>\n<\/ul>\n<h3>\nFunc\u021bii<\/h3>\n<p>Manometrul diferen\u021bial WINAIR COMPACT PFD \u00eendepline\u0219te func\u021biile clasice ale unui manometru diferen\u021bial prin identificarea diferen\u021bei de presiune dintre dou\u0103 medii. Acest dispozitiv cu un design compact \u0219i o aplicare simpl\u0103 este potrivit pentru m\u0103surarea gazelor \u0219i a aerului la presiune pozitiv\u0103 sau negativ\u0103 sc\u0103zut\u0103 (\u00een vid).<\/p>\n<h3>Cum s\u0103 cump\u0103ra\u021bi acest dispozitiv?<\/h3>\n<p>\u00cen toate cazurile \u00een care este necesar\u0103 monitorizarea presiunii sc\u0103zute a aerului \u0219i a gazelor necombustibile, cu niveluri ridicate de precizie, dar cu instrumente compacte \u0219i u\u0219oare, manometrul diferen\u021bial WINAIR COMPACT PFD este cel mai bun dispozitiv. \u00cel pute\u021bi ob\u021bine complet\u00e2nd formularul de mai jos, pentru un timp de livrare foarte scurt.<\/p>\n","protected":false},"excerpt":{"rendered":"<p>C\u00e2nd este necesar\u0103 monitorizarea valorii diferen\u021biale a presiunilor POZITIVE \u0219i NEGATIVE sc\u0103zute (vid) ale aerului \u0219i gazelor necorozive \u0219i necombustibile, atunci cea mai bun\u0103 alegere este manometrul diferen\u021bial WINAIR Compact PFD de la WINTERS.<\/p>\n","protected":false},"featured_media":308,"comment_status":"open","ping_status":"closed","template":"","meta":{"_acf_changed":false},"product_brand":[32],"product_cat":[122],"product_tag":[151,157,115,116],"class_list":{"0":"post-212","1":"product","2":"type-product","3":"status-publish","4":"has-post-thumbnail","6":"product_brand-winters-instruments","7":"product_cat-presiune-produse","8":"product_tag-manometru","9":"product_tag-manometru-diferential","10":"product_tag-winair-compact","11":"product_tag-winters","13":"first","14":"instock","15":"shipping-taxable","16":"product-type-simple"},"acf":[],"_links":{"self":[{"href":"https:\/\/thtecheu.com\/ro\/wp-json\/wp\/v2\/product\/212","targetHints":{"allow":["GET"]}}],"collection":[{"href":"https:\/\/thtecheu.com\/ro\/wp-json\/wp\/v2\/product"}],"about":[{"href":"https:\/\/thtecheu.com\/ro\/wp-json\/wp\/v2\/types\/product"}],"replies":[{"embeddable":true,"href":"https:\/\/thtecheu.com\/ro\/wp-json\/wp\/v2\/comments?post=212"}],"wp:featuredmedia":[{"embeddable":true,"href":"https:\/\/thtecheu.com\/ro\/wp-json\/wp\/v2\/media\/308"}],"wp:attachment":[{"href":"https:\/\/thtecheu.com\/ro\/wp-json\/wp\/v2\/media?parent=212"}],"wp:term":[{"taxonomy":"product_brand","embeddable":true,"href":"https:\/\/thtecheu.com\/ro\/wp-json\/wp\/v2\/product_brand?post=212"},{"taxonomy":"product_cat","embeddable":true,"href":"https:\/\/thtecheu.com\/ro\/wp-json\/wp\/v2\/product_cat?post=212"},{"taxonomy":"product_tag","embeddable":true,"href":"https:\/\/thtecheu.com\/ro\/wp-json\/wp\/v2\/product_tag?post=212"}],"curies":[{"name":"wp","href":"https:\/\/api.w.org\/{rel}","templated":true}]}}