{"id":213,"date":"2025-06-23T09:43:57","date_gmt":"2025-06-23T07:43:57","guid":{"rendered":"https:\/\/thtecheu.com\/ro\/?post_type=product&#038;p=213"},"modified":"2025-06-23T13:18:35","modified_gmt":"2025-06-23T11:18:35","slug":"manometru-diferential-winair-pfd","status":"publish","type":"product","link":"https:\/\/thtecheu.com\/ro\/prodotto\/manometru-diferential-winair-pfd\/","title":{"rendered":"Manometru diferen\u021bial WinAir \u2013 PFD"},"content":{"rendered":"<p>Manometrul diferen\u021bial WinAir face parte din acele instrumente concepute pentru m\u0103surarea diferen\u021bei de presiune dintre dou\u0103 medii. C\u00e2nd este necesar\u0103 m\u0103surarea presiunii joase a aerului sau a gazelor \u00een contexte care nu sunt deosebit de agresive, cum ar fi unit\u0103\u021bile de tratare a aerului (UTA), instala\u021biile de ventila\u021bie, de aspira\u021bie \u0219i de filtrare, un instrument excelent este manometrul diferen\u021bial WINAIR PFD, produs de renumita companie WINTERS.<br \/>\nUtilizat pentru m\u0103surarea presiunii joase a aerului \u0219i gazelor neinflamabile, este un instrument de \u00eencredere pentru camere curate \u0219i medii \u00een care monitorizarea valorilor legate de aer \u0219i agen\u021bi aerieni este esen\u021bial\u0103.<\/p>\n<p>Pute\u021bi integra aceste dispozitive \u00een instala\u021biile dumneavoastr\u0103 complet\u00e2nd formularul de mai jos. Trimite\u021bi cererea de ofert\u0103 sau solicita\u021bi informa\u021bii, echipa noastr\u0103 este la dispozi\u021bia dumneavoastr\u0103 pentru consultan\u021b\u0103 \u0219i asisten\u021b\u0103.<\/p>\n<h3>Cum este compus dispozitivul?<\/h3>\n<ul>\n<li>Carcas\u0103 din aluminiu turnat sub presiune, de nivel industrial<\/li>\n<li>\u0218urub de reglare pentru resetare u\u0219or accesibil<\/li>\n<li>Rezisten\u021b\u0103 la temperatur\u0103 cu garnitur\u0103 tip o-ring<\/li>\n<li>Accesorii de montare &gt; 3 adaptoare cu \u0219uruburi incluse.<\/li>\n<\/ul>\n<p>&nbsp;<\/p>\n<h3>Unde se utilizeaz\u0103?<\/h3>\n<ul>\n<li>Instala\u021bii de filtrare \u0219i filtre de aer<\/li>\n<li>Suflante<\/li>\n<li>Aspiratoare<\/li>\n<li>Unit\u0103\u021bi de tratare a aerului<\/li>\n<li>Tratarea aerului pentru camere curate, medii sanitare \u0219i laboratoare<\/li>\n<\/ul>\n<h3>Caracteristici generale<\/h3>\n<p>Manometru diferen\u021bial f\u0103r\u0103 rezisten\u021b\u0103 pentru toate instala\u021biile cu aer \u0219i gaze necorozive.<br \/>\nPrecizie de 2% din scala maxim\u0103<br \/>\nRezisten\u021b\u0103 la temperatur\u0103<\/p>\n<h3>Func\u021bii<\/h3>\n<p>Manometrul diferen\u021bial WINAIR PFD, marca WINTERS, este un dispozitiv versatil conceput pentru m\u0103surarea AERULUI \u0219i GAZELOR neinflamabile la presiune joas\u0103.<\/p>\n<h3>Achizi\u021bionarea acestui dispozitiv<\/h3>\n<p>Pentru a completa un sistem eficient de filtrare a aerului, pentru a cre\u0219te siguran\u021ba instala\u021biilor de tratare a aerului, a sistemelor de ventila\u021bie sau aspiratoarelor, a camerelor curate, este necesar un instrument fiabil \u0219i versatil, capabil s\u0103 ofere valori precise \u00een timp real \u0219i s\u0103 calculeze presiunea diferen\u021bial\u0103 cu o marj\u0103 de eroare redus\u0103. Complet\u00e2nd formularul de mai jos pute\u021bi solicita imediat manometrul dumneavoastr\u0103 diferen\u021bial.<\/p>\n","protected":false},"excerpt":{"rendered":"<p>Manometrul DIFEREN\u021aIAL este unul dintre instrumentele concepute pentru a m\u0103sura diferen\u021ba de presiune prezent\u0103 \u00een dou\u0103 medii. Atunci c\u00e2nd se m\u0103soar\u0103 presiunea sc\u0103zut\u0103 a aerului sau a gazului \u00een contexte care nu sunt deosebit de agresive, cum ar fi unit\u0103\u021bile de tratare a aerului (UTA), sistemele de ventila\u021bie, aspira\u021bie \u0219i filtrare, un instrument excelent este manometrul diferen\u021bial WINAIR PFD de la cunoscutul produc\u0103tor WINTERS. Utilizat pentru m\u0103surarea presiunii sc\u0103zute pentru aer \u0219i gaze necombustibile, este un instrument fiabil pentru camerele curate \u0219i mediile \u00een care monitorizarea valorilor referitoare la aer \u0219i agen\u021bii din aer este esen\u021bial\u0103.<\/p>\n","protected":false},"featured_media":315,"comment_status":"open","ping_status":"closed","template":"","meta":{"_acf_changed":false},"product_brand":[32],"product_cat":[122],"product_tag":[151,157,158,116],"class_list":{"0":"post-213","1":"product","2":"type-product","3":"status-publish","4":"has-post-thumbnail","6":"product_brand-winters-instruments","7":"product_cat-presiune-produse","8":"product_tag-manometru","9":"product_tag-manometru-diferential","10":"product_tag-manometru-winair","11":"product_tag-winters","13":"first","14":"instock","15":"shipping-taxable","16":"product-type-simple"},"acf":[],"_links":{"self":[{"href":"https:\/\/thtecheu.com\/ro\/wp-json\/wp\/v2\/product\/213","targetHints":{"allow":["GET"]}}],"collection":[{"href":"https:\/\/thtecheu.com\/ro\/wp-json\/wp\/v2\/product"}],"about":[{"href":"https:\/\/thtecheu.com\/ro\/wp-json\/wp\/v2\/types\/product"}],"replies":[{"embeddable":true,"href":"https:\/\/thtecheu.com\/ro\/wp-json\/wp\/v2\/comments?post=213"}],"wp:featuredmedia":[{"embeddable":true,"href":"https:\/\/thtecheu.com\/ro\/wp-json\/wp\/v2\/media\/315"}],"wp:attachment":[{"href":"https:\/\/thtecheu.com\/ro\/wp-json\/wp\/v2\/media?parent=213"}],"wp:term":[{"taxonomy":"product_brand","embeddable":true,"href":"https:\/\/thtecheu.com\/ro\/wp-json\/wp\/v2\/product_brand?post=213"},{"taxonomy":"product_cat","embeddable":true,"href":"https:\/\/thtecheu.com\/ro\/wp-json\/wp\/v2\/product_cat?post=213"},{"taxonomy":"product_tag","embeddable":true,"href":"https:\/\/thtecheu.com\/ro\/wp-json\/wp\/v2\/product_tag?post=213"}],"curies":[{"name":"wp","href":"https:\/\/api.w.org\/{rel}","templated":true}]}}