{"id":214,"date":"2025-06-23T09:43:57","date_gmt":"2025-06-23T07:43:57","guid":{"rendered":"https:\/\/thtecheu.com\/ro\/?post_type=product&#038;p=214"},"modified":"2025-06-23T13:21:53","modified_gmt":"2025-06-23T11:21:53","slug":"manometru-cu-carcasa-fenolica-ppc","status":"publish","type":"product","link":"https:\/\/thtecheu.com\/ro\/prodotto\/manometru-cu-carcasa-fenolica-ppc\/","title":{"rendered":"Manometru cu carcas\u0103 fenolic\u0103 \u2013 PPC"},"content":{"rendered":"<p>C\u00e2nd mediul \u0219i fluidul care trebuie m\u0103surat sunt deosebit de agresivi, corozivi \u0219i toxici \u0219i c\u00e2nd este necesar\u0103 o aten\u021bie special\u0103 asupra siguran\u021bei operatorului, cea mai bun\u0103 alegere pentru un instrument de m\u0103surare a presiunii poate fi un manometru cu CARCAS\u0102 FENOLIC\u0102 PPC, marca WINTERS. Utilizat \u00een industria de proces, chimic\u0103, petrochimic\u0103 \u0219i petrolier\u0103, acest dispozitiv de m\u0103surare a presiunii este un aparat deosebit de rezistent la coroziune \u0219i de \u00eenalt\u0103 fiabilitate.<\/p>\n<p>Pute\u021bi solicita acest instrument complet\u00e2nd formularul dedicat.<\/p>\n<h3>Manometru cu CARCAS\u0102 FENOLIC\u0102<\/h3>\n<h4>Componentele dispozitivului<\/h4>\n<ul>\n<li>CORP FRONTAL din r\u0103\u0219in\u0103 fenolic\u0103 solid\u0103<\/li>\n<li>CARCAS\u0102 de siguran\u021b\u0103 posterioar\u0103 din polipropilen\u0103 \u0219i evacuare a presiunii<\/li>\n<li>Instrumentul poate fi umplut cu lichid pe teren (doar cu racord inferior)<\/li>\n<li>MECANISM ROTATIV complet din o\u021bel inoxidabil<\/li>\n<li>INDICATOR MICROMETRIC reglabil pentru facilitarea calibr\u0103rii<\/li>\n<li>OPRIRI la suprapresiune \u0219i subpresiune<\/li>\n<li>COMPONENTE umede din o\u021bel inoxidabil AISI 316L, alam\u0103 sau Monel\u00ae<\/li>\n<li>Orificiu restr\u00e2ns standard pe scar\u0103 dubl\u0103 (op\u021bional pe scar\u0103 simpl\u0103)<\/li>\n<\/ul>\n<h3>Unde se utilizeaz\u0103?<\/h3>\n<ul>\n<li>Utilizat acolo unde siguran\u021ba operatorului este esen\u021bial\u0103<\/li>\n<li>Ideal pentru industriile de proces, chimice \u0219i petroliere<\/li>\n<li>Mediuri puternic corozive<\/li>\n<li>Fluide agresive, toxice, periculoase<\/li>\n<\/ul>\n<h3>Caracteristici specifice<\/h3>\n<ul>\n<li>Conform cu ASME B40.100<\/li>\n<li>Conformitate RoHS (doar pentru componentele interne din o\u021bel inoxidabil \u0219i Monel\u00ae)<\/li>\n<li>\u00cenregistrat CRN<\/li>\n<li>5 ani garan\u021bie<\/li>\n<\/ul>\n<h3>Func\u021bii<\/h3>\n<p>Manometrul cu carcas\u0103 fenolic\u0103 model PPC este adecvat pentru monitorizarea \u0219i colectarea valorii presiunii pentru fluide agresive \u0219i corozive \u00een medii industriale.<\/p>\n<h3>Cum se achizi\u021bioneaz\u0103 acest dispozitiv?<\/h3>\n<p>Manometrul cu carcas\u0103 fenolic\u0103 PPC, marca WINTERS, durabil \u0219i rezistent, ofer\u0103 m\u0103sur\u0103tori precise \u0219i valori de \u00eencredere \u0219i este esen\u021bial pentru siguran\u021ba operatorilor. Pentru a-l achizi\u021biona, completa\u021bi formularul \u0219i trimite\u021bi cererea c\u0103tre centrul nostru de v\u00e2nz\u0103ri.<\/p>\n","protected":false},"excerpt":{"rendered":"<p>C\u00e2nd mediul \u0219i fluidul care urmeaz\u0103 a fi m\u0103surat sunt deosebit de agresive, corozive \u0219i toxice \u0219i c\u00e2nd trebuie acordat\u0103 o aten\u021bie deosebit\u0103 siguran\u021bei operatorului, atunci cea mai bun\u0103 alegere pentru instrumentul de m\u0103surare a presiunii poate fi un manometru PPC PHENOLIC CARCASE de la WINTERS. Utilizat \u00een industria de proces, chimic\u0103, petrochimic\u0103 \u0219i petrolier\u0103, acest dispozitiv de m\u0103surare a presiunii este un dispozitiv deosebit de rezistent la coroziune, cu fiabilitate maxim\u0103.<\/p>\n","protected":false},"featured_media":321,"comment_status":"open","ping_status":"closed","template":"","meta":{"_acf_changed":false},"product_brand":[32],"product_cat":[122],"product_tag":[151,156,116],"class_list":{"0":"post-214","1":"product","2":"type-product","3":"status-publish","4":"has-post-thumbnail","6":"product_brand-winters-instruments","7":"product_cat-presiune-produse","8":"product_tag-manometru","9":"product_tag-manometru-cu-carcasa-fenolica","10":"product_tag-winters","12":"first","13":"instock","14":"shipping-taxable","15":"product-type-simple"},"acf":[],"_links":{"self":[{"href":"https:\/\/thtecheu.com\/ro\/wp-json\/wp\/v2\/product\/214","targetHints":{"allow":["GET"]}}],"collection":[{"href":"https:\/\/thtecheu.com\/ro\/wp-json\/wp\/v2\/product"}],"about":[{"href":"https:\/\/thtecheu.com\/ro\/wp-json\/wp\/v2\/types\/product"}],"replies":[{"embeddable":true,"href":"https:\/\/thtecheu.com\/ro\/wp-json\/wp\/v2\/comments?post=214"}],"wp:featuredmedia":[{"embeddable":true,"href":"https:\/\/thtecheu.com\/ro\/wp-json\/wp\/v2\/media\/321"}],"wp:attachment":[{"href":"https:\/\/thtecheu.com\/ro\/wp-json\/wp\/v2\/media?parent=214"}],"wp:term":[{"taxonomy":"product_brand","embeddable":true,"href":"https:\/\/thtecheu.com\/ro\/wp-json\/wp\/v2\/product_brand?post=214"},{"taxonomy":"product_cat","embeddable":true,"href":"https:\/\/thtecheu.com\/ro\/wp-json\/wp\/v2\/product_cat?post=214"},{"taxonomy":"product_tag","embeddable":true,"href":"https:\/\/thtecheu.com\/ro\/wp-json\/wp\/v2\/product_tag?post=214"}],"curies":[{"name":"wp","href":"https:\/\/api.w.org\/{rel}","templated":true}]}}