{"id":215,"date":"2025-06-23T09:43:58","date_gmt":"2025-06-23T07:43:58","guid":{"rendered":"https:\/\/thtecheu.com\/ro\/?post_type=product&#038;p=215"},"modified":"2025-06-23T13:09:38","modified_gmt":"2025-06-23T11:09:38","slug":"manometru-cu-piston-magnetic-ppd","status":"publish","type":"product","link":"https:\/\/thtecheu.com\/ro\/prodotto\/manometru-cu-piston-magnetic-ppd\/","title":{"rendered":"Manometru cu piston magnetic \u2013 PPD"},"content":{"rendered":"<p>Manometrul diferen\u021bial magnetic cu piston este unul dintre instrumentele care utilizeaz\u0103 varia\u021bia c\u00e2mpului magnetic, generat de un piston din interiorul manometrului, pentru a deplasa un indicator pe o scal\u0103 gradat\u0103 care indic\u0103 valoarea presiunii.<\/p>\n<p>Separarea mecanic\u0103 a sistemului de m\u0103surare de pe indicator permite detectarea chiar \u0219i a unor presiuni statice destul de mari.<\/p>\n<p>Datorit\u0103 acestui instrument este posibil\u0103 m\u0103surarea \u0219i detectarea \u00een timp real a varia\u021biilor presiunii diferen\u021biale \u00een medii industriale.<\/p>\n<p>Dac\u0103 dori\u021bi s\u0103 achizi\u021biona\u021bi un manometru cu piston magnetic PPD de la WINTERS \u0219i s\u0103 integra\u021bi astfel sistemele unui sistem excelent de monitorizare \u0219i m\u0103surare a presiunii, COMPLETA\u021aI formularul pentru a solicita imediat un dispozitiv la centrul nostru de v\u00e2nz\u0103ri.<\/p>\n<h3>Manometru cu piston magnetic<\/h3>\n<h4>Dispozitivul: componente structurale<\/h4>\n<ul>\n<li>CORP din o\u021bel inoxidabil, aluminiu, bronz sau Monel\u00ae<\/li>\n<li>COMPONENTE \u00een contact cu fluidul &gt; Piston din o\u021bel inoxidabil cu magnet ceramic sau<\/li>\n<li>Piston din aluminiu, bronz sau Monel (op\u021bional).<\/li>\n<li>CADRAN din acrilic rezistent la spargere sau cu sticl\u0103 de siguran\u021b\u0103 \u00een versiunea op\u021bional\u0103.<\/li>\n<li>Instalare \u00een linie, spate sau inferioar\u0103.<\/li>\n<li>Cuplare magnetic\u0103 prin piston cu arc.<\/li>\n<\/ul>\n<h4>Unde s\u0103 \u00eel folose\u0219ti?<\/h4>\n<ul>\n<li>Ideal pentru m\u0103surarea presiunilor ridicate<\/li>\n<li>Sisteme \u0219i instala\u021bii de filtrare \u0219i filtre<\/li>\n<li>Utilizat pentru detectarea scurgerilor \u0219i a sc\u0103p\u0103rilor de fluide lichide sau gazoase.<\/li>\n<li>Ideal pentru aplicarea la pompe \u0219i frigidere<\/li>\n<li>Ideal pentru detectarea presiunii diferen\u021biale \u00een instala\u021biile industriale<\/li>\n<li>Caracteristici specifice ale produsului<\/li>\n<li>Manometrul cu piston magnetic este un dispozitiv destul de versatil \u0219i aplicabil \u00een diverse sectoare industriale.<\/li>\n<li>Este echipat cu \u00eentrerup\u0103toare pentru func\u021bionare<\/li>\n<li>Conform standardului ASME B40.100<\/li>\n<li>Poate garanta un grad de protec\u021bie IP65<\/li>\n<li>Dispozitivul este v\u00e2ndut cu o garan\u021bie de 5 ani.<\/li>\n<\/ul>\n<h3>Func\u021bii<\/h3>\n<p>Cu manometrul cu piston magnetic ve\u021bi putea monitoriza chiar \u0219i valori ale presiunii foarte mari \u00een timp real. Acest instrument este deosebit de util \u0219i interesant pentru cei care caut\u0103 un dispozitiv potrivit pentru detectarea scurgerilor \u0219i pierderilor de fluide gazoase sau lichide \u00een sectorul industrial.<\/p>\n<h3>Personalizeaz\u0103 \u0219i achizi\u021bioneaz\u0103 acest instrument de m\u0103surare<\/h3>\n<p>Sisteme de filtrare, filtre, pompe, pompe electrice, frigidere \u0219i aparate de aer condi\u021bionat, sisteme de climatizare sunt toate medii \u00een care monitorizarea corect\u0103 a presiunii diferen\u021biale poate preveni scurgerile, deteriorarea \u0219i permite monitorizarea func\u021bion\u0103rii corecte a \u00eentregului sistem. Pentru a verifica \u0219i regla presiunea \u00een aceste medii, un instrument cu adev\u0103rat esen\u021bial este manometrul. \u00cen versiunea cu piston magnetic, PPD poate fi, de asemenea, un instrument valid pentru detectarea scurgerilor \u0219i pentru interven\u021bia corect\u0103.<\/p>\n<p>Pentru a integra sistemele dumneavoastr\u0103 cu sisteme profesionale de m\u0103surare a presiunii, v\u0103 invit\u0103m s\u0103 le achizi\u021biona\u021bi de la centrul nostru de v\u00e2nz\u0103ri complet\u00e2nd formularul de mai jos.<\/p>\n","protected":false},"excerpt":{"rendered":"<p>Manometrul diferen\u021bial magnetic cu piston se num\u0103r\u0103 printre instrumentele care utilizeaz\u0103 varia\u021bia c\u00e2mpului magnetic, generat de un piston din interiorul manometrului, pentru a deplasa un indicator pe o scal\u0103 gradat\u0103 care indic\u0103 valoarea presiunii. Separarea mecanic\u0103 a sistemului de m\u0103surare de pe indicator permite detectarea chiar \u0219i a unor presiuni statice destul de mari.<\/p>\n","protected":false},"featured_media":322,"comment_status":"open","ping_status":"closed","template":"","meta":{"_acf_changed":false},"product_brand":[32],"product_cat":[122],"product_tag":[151,155,116],"class_list":{"0":"post-215","1":"product","2":"type-product","3":"status-publish","4":"has-post-thumbnail","6":"product_brand-winters-instruments","7":"product_cat-presiune-produse","8":"product_tag-manometru","9":"product_tag-manometru-cu-piston-magnetic-ppd","10":"product_tag-winters","12":"first","13":"instock","14":"shipping-taxable","15":"product-type-simple"},"acf":[],"_links":{"self":[{"href":"https:\/\/thtecheu.com\/ro\/wp-json\/wp\/v2\/product\/215","targetHints":{"allow":["GET"]}}],"collection":[{"href":"https:\/\/thtecheu.com\/ro\/wp-json\/wp\/v2\/product"}],"about":[{"href":"https:\/\/thtecheu.com\/ro\/wp-json\/wp\/v2\/types\/product"}],"replies":[{"embeddable":true,"href":"https:\/\/thtecheu.com\/ro\/wp-json\/wp\/v2\/comments?post=215"}],"wp:featuredmedia":[{"embeddable":true,"href":"https:\/\/thtecheu.com\/ro\/wp-json\/wp\/v2\/media\/322"}],"wp:attachment":[{"href":"https:\/\/thtecheu.com\/ro\/wp-json\/wp\/v2\/media?parent=215"}],"wp:term":[{"taxonomy":"product_brand","embeddable":true,"href":"https:\/\/thtecheu.com\/ro\/wp-json\/wp\/v2\/product_brand?post=215"},{"taxonomy":"product_cat","embeddable":true,"href":"https:\/\/thtecheu.com\/ro\/wp-json\/wp\/v2\/product_cat?post=215"},{"taxonomy":"product_tag","embeddable":true,"href":"https:\/\/thtecheu.com\/ro\/wp-json\/wp\/v2\/product_tag?post=215"}],"curies":[{"name":"wp","href":"https:\/\/api.w.org\/{rel}","templated":true}]}}