{"id":216,"date":"2025-06-23T09:43:58","date_gmt":"2025-06-23T07:43:58","guid":{"rendered":"https:\/\/thtecheu.com\/ro\/?post_type=product&#038;p=216"},"modified":"2025-06-23T13:03:30","modified_gmt":"2025-06-23T11:03:30","slug":"manometru-cu-diafragma-rotativa-prd","status":"publish","type":"product","link":"https:\/\/thtecheu.com\/ro\/prodotto\/manometru-cu-diafragma-rotativa-prd\/","title":{"rendered":"Manometru cu diafragm\u0103 rotativ\u0103 \u2013 PRD"},"content":{"rendered":"<p>Manometrul cu membran\u0103 rotativ\u0103 PRD, un dispozitiv pentru m\u0103surarea presiunii \u00een sistemele de filtrare, pompe, filtre, frigidere \u0219i, \u00een general, \u00een sistemele de gaze de joas\u0103 presiune, utilizeaz\u0103 o membran\u0103 rotativ\u0103 ca senzor. Acesta este capabil s\u0103 asigure separarea complet\u0103 a fluidului care urmeaz\u0103 s\u0103 fie detectat at\u00e2t \u00een \u200b\u200bcazuri de joas\u0103, c\u00e2t \u0219i de \u00eenalt\u0103 presiune.<\/p>\n<p>Dispozitivul poate fi utilizat pentru diferite fluide, gaze umede \u0219i fluide de proces care includ particule.<\/p>\n<p>Manometrul cu membran\u0103 rotativ\u0103 PRD este un proiect \u0219i un produs WINTERS, o garan\u021bie a calit\u0103\u021bii, preciziei m\u0103sur\u0103torilor \u0219i rezisten\u021bei \u00een timp.<\/p>\n<p>Pentru a solicita \u0219i ad\u0103uga acest instrument valid de monitorizare \u0219i m\u0103surare la sistemele dumneavoastr\u0103, v\u0103 invit\u0103m s\u0103 completa\u021bi formularul de mai jos.<\/p>\n<h3>Manometru cu diafragm\u0103 rotativ\u0103<\/h3>\n<h4>Dispozitivul: componente structurale<\/h4>\n<ul>\n<li>CORP din o\u021bel inoxidabil, aluminiu, acetal<\/li>\n<li>COMPONENTE \u00een contact cu fluidul din o\u021bel inoxidabil cu etan\u0219\u0103ri Buna N<\/li>\n<li>Instalare \u00een LINIE<\/li>\n<li>CADRAN din acrilic rezistent la spargere \u0219i sticl\u0103 securizat\u0103 (op\u021bional)<\/li>\n<li>Cuplaj magnetic cu senzor cu membran\u0103 rotativ\u0103<\/li>\n<\/ul>\n<h4>Unde s\u0103 \u00eel folose\u0219ti?<\/h4>\n<ul>\n<li>Sisteme de filtrare<\/li>\n<li>Sisteme de gaz de joas\u0103 presiune<\/li>\n<li>Detectare scurgeri<\/li>\n<li>Aplica\u021bii generale pentru filtre \u0219i pompe<\/li>\n<li>Sisteme de refrigerare<\/li>\n<li>Caracteristici ale dispozitivului<\/li>\n<li>Manometru versatil pentru m\u0103surarea presiunii diferen\u021biale chiar \u0219i la valori foarte mici.<\/li>\n<li>Comutatoare de ac\u021bionare disponibile<\/li>\n<li>Respect\u0103 standardul ASME B40.100<\/li>\n<li>Clasa de protec\u021bie IP65<\/li>\n<li>Garan\u021bie de 5 aniFunzioni<\/li>\n<\/ul>\n<p>Separatorul rotativ cu diafragm\u0103 previne contactul fluidului cu sistemele de m\u0103surare \u0219i, \u00een acela\u0219i timp, transmite presiunea dob\u00e2ndit\u0103 ca senzor precis \u0219i rapid.<\/p>\n<p>Acest manometru este, prin urmare, un dispozitiv excelent pentru detectarea scurgerilor, monitorizarea \u0219i colectarea valorilor presiunii \u00een sistemele de gaz de joas\u0103 presiune \u0219i ideal pentru filtre, pompe, pompe electrice, frigidere.<\/p>\n<h3>Pentru a achizi\u021biona acest dispozitiv<\/h3>\n<p>Dac\u0103 firma dumneavoastr\u0103 este \u00een c\u0103utarea unui produs eficient, a unui instrument de m\u0103surare eficient pentru a determina presiunea unui fluid gazos sau lichid \u00eentr-un mediu industrial \u0219i comercial, manometrul cu diafragm\u0103 rotativ\u0103 PRD de la WINTERS este cea mai eficient\u0103 solu\u021bie de integrat \u00een circuite \u0219i sisteme industriale.<\/p>\n<p>Complet\u00e2nd formularul de mai jos, pute\u021bi solicita mai multe informa\u021bii sau pute\u021bi continua achizi\u021bia.<\/p>\n","protected":false},"excerpt":{"rendered":"<p>Manometrul cu diafragm\u0103 rotativ\u0103, un dispozitiv pentru m\u0103surarea presiunii \u00een sistemele de filtrare, pompe, filtre, r\u0103citoare \u0219i, \u00een general, \u00een sistemele de gaz de joas\u0103 presiune, utilizeaz\u0103 o membran\u0103 rotativ\u0103 ca senzor. Acesta este capabil s\u0103 asigure separarea complet\u0103 a fluidului care urmeaz\u0103 s\u0103 fie detectat at\u00e2t \u00een \u200b\u200bcazuri de joas\u0103, c\u00e2t \u0219i de \u00eenalt\u0103 presiune. Dispozitivul poate fi utilizat pentru diferite fluide, gaze umede \u0219i fluide de proces care includ particule.<\/p>\n","protected":false},"featured_media":323,"comment_status":"open","ping_status":"closed","template":"","meta":{"_acf_changed":false},"product_brand":[32],"product_cat":[122],"product_tag":[151,154,116],"class_list":{"0":"post-216","1":"product","2":"type-product","3":"status-publish","4":"has-post-thumbnail","6":"product_brand-winters-instruments","7":"product_cat-presiune-produse","8":"product_tag-manometru","9":"product_tag-manometru-cu-diafragma-rotativa","10":"product_tag-winters","12":"first","13":"instock","14":"shipping-taxable","15":"product-type-simple"},"acf":[],"_links":{"self":[{"href":"https:\/\/thtecheu.com\/ro\/wp-json\/wp\/v2\/product\/216","targetHints":{"allow":["GET"]}}],"collection":[{"href":"https:\/\/thtecheu.com\/ro\/wp-json\/wp\/v2\/product"}],"about":[{"href":"https:\/\/thtecheu.com\/ro\/wp-json\/wp\/v2\/types\/product"}],"replies":[{"embeddable":true,"href":"https:\/\/thtecheu.com\/ro\/wp-json\/wp\/v2\/comments?post=216"}],"wp:featuredmedia":[{"embeddable":true,"href":"https:\/\/thtecheu.com\/ro\/wp-json\/wp\/v2\/media\/323"}],"wp:attachment":[{"href":"https:\/\/thtecheu.com\/ro\/wp-json\/wp\/v2\/media?parent=216"}],"wp:term":[{"taxonomy":"product_brand","embeddable":true,"href":"https:\/\/thtecheu.com\/ro\/wp-json\/wp\/v2\/product_brand?post=216"},{"taxonomy":"product_cat","embeddable":true,"href":"https:\/\/thtecheu.com\/ro\/wp-json\/wp\/v2\/product_cat?post=216"},{"taxonomy":"product_tag","embeddable":true,"href":"https:\/\/thtecheu.com\/ro\/wp-json\/wp\/v2\/product_tag?post=216"}],"curies":[{"name":"wp","href":"https:\/\/api.w.org\/{rel}","templated":true}]}}