{"id":218,"date":"2025-06-23T09:43:58","date_gmt":"2025-06-23T07:43:58","guid":{"rendered":"https:\/\/thtecheu.com\/ro\/?post_type=product&#038;p=218"},"modified":"2025-06-23T12:51:14","modified_gmt":"2025-06-23T10:51:14","slug":"manometru-cu-diafragma-pvd","status":"publish","type":"product","link":"https:\/\/thtecheu.com\/ro\/prodotto\/manometru-cu-diafragma-pvd\/","title":{"rendered":"Manometru cu diafragm\u0103 \u2013 PVD"},"content":{"rendered":"<p>Manometrul cu diafragm\u0103 convolut\u0103 PVD este un instrument excelent de m\u0103surare a presiunii diferen\u021biale pentru aplica\u021bii industriale. Acest instrument apar\u021bine gamei de M\u0102SUR\u0102TOARE DIFEREN\u021aIALE de la WINTERS. Este ales pentru detectarea scurgerilor \u0219i pentru protec\u021bia \u00eempotriva scurgerilor de fluide gazoase toxice sau corozive. Este potrivit \u00een special pentru industria de procesare, pentru sisteme de aer condi\u021bionat, refrigerare \u0219i filtrare.<\/p>\n<p>Carcasa anticoroziv\u0103 permite utilizarea instrumentului chiar \u0219i \u00een condi\u021bii de agresivitate a mediului sau de periculozitate a fluidului.<br \/>\nUn instrument excelent pentru detectarea \u0219i controlul scurgerilor de gaze, ap\u0103 \u0219i fluide, care nu poate lipsi din echipamentele tehnice ale sistemelor dumneavoastr\u0103 industriale.<br \/>\nFace\u021bi-v\u0103 sistemele mai sigure prin INTEGRAREA lor cu un manometru cu diafragm\u0103 convolut\u0103 PVD. Pentru a achizi\u021biona sau personaliza acest dispozitiv, v\u0103 rug\u0103m s\u0103 ne contacta\u021bi complet\u00e2nd formularul de mai jos.<\/p>\n<h3>Manometru cu diafragm\u0103<\/h3>\n<h4>Componente ale produsului<\/h4>\n<ul>\n<li>Diafragm\u0103 convolut\u0103 pentru serviciu continuu<\/li>\n<li>CORP din aluminiu, alam\u0103, tehnopolimer, o\u021bel inoxidabil, Hastelloy<\/li>\n<li>Cuplaj magnetic cu senzor cu diafragm\u0103 convolut\u0103<\/li>\n<\/ul>\n<h4>Dove utilizzarlo?<\/h4>\n<ul>\n<li>Sisteme industriale de filtrare<\/li>\n<li>Sisteme de gaze de joas\u0103 presiune<\/li>\n<li>Detectarea scurgerilor \u0219i a evacu\u0103rilor de gaze, ap\u0103, fluide lichide.<\/li>\n<li>Sisteme de aer condi\u021bionat \u0219i refrigerare<\/li>\n<li>Industria proceselor<\/li>\n<\/ul>\n<h4>Ce trebuie s\u0103 \u0219ti\u021bi despre dispozitiv<\/h4>\n<ul>\n<li>Manometrul din PVC poate fi aplicat la nivelul rezervorului \u0219i poate monitoriza debitul pe orizontal\u0103 sau vertical\u0103<\/li>\n<li>Ideal pentru filtrarea gazelor chiar \u0219i la presiuni foarte sc\u0103zute<\/li>\n<li>Manometru versatil<\/li>\n<li>Ideal pentru m\u0103surarea presiunilor diferen\u021biale sc\u0103zute<\/li>\n<li>Comutatoare de ac\u021bionare disponibile<\/li>\n<li>Respect\u0103 standardul ASME B40.100<\/li>\n<li>Clas\u0103 de protec\u021bie IP65<\/li>\n<li>Garan\u021bie de 5 ani<\/li>\n<\/ul>\n<h3>Func\u021bii<\/h3>\n<p>Controlul scurgerilor \u0219i evacu\u0103rilor de gaze, ap\u0103 \u0219i lichide<br \/>\nSistem de protec\u021bie \u00eempotriva emisiilor de gaze toxice<\/p>\n<h3>Personaliza\u021bi \u0219i achizi\u021biona\u021bi instrumentele noastre de m\u0103surare<\/h3>\n<p>Dac\u0103 ave\u021bi nevoie de un instrument de detectare a scurgerilor care poate detecta \u0219i raporta debitele, chiar \u0219i la presiuni deosebit de sc\u0103zute, un manometru sensibil aplicabil sistemelor de filtrare, refrigerare \u0219i climatizare corporativ\u0103, manometrul PVD de la Winter este cea mai bun\u0103 alegere.<\/p>\n<p>V\u0103 invit\u0103m s\u0103 \u00eel SOLICITA\u021aI la centrul nostru de v\u00e2nz\u0103ri online, complet\u00e2nd formularul de mai jos.<\/p>\n","protected":false},"excerpt":{"rendered":"<p>Manometrul cu diafragm\u0103 convolut\u0103 PVD este un instrument excelent de m\u0103surare a presiunii diferen\u021biale pentru aplica\u021bii industriale. Acest instrument apar\u021bine gamei de M\u0102SUR\u0102TOARE DIFEREN\u021aIALE de la WINTERS. Este ales pentru detectarea scurgerilor \u0219i pentru protec\u021bia \u00eempotriva scurgerilor de fluide gazoase toxice sau corozive. Este deosebit de potrivit pentru industria de procesare, pentru sisteme de aer condi\u021bionat, refrigerare \u0219i filtrare.<\/p>\n","protected":false},"featured_media":325,"comment_status":"open","ping_status":"closed","template":"","meta":{"_acf_changed":false},"product_brand":[32],"product_cat":[122],"product_tag":[151,152,116],"class_list":{"0":"post-218","1":"product","2":"type-product","3":"status-publish","4":"has-post-thumbnail","6":"product_brand-winters-instruments","7":"product_cat-presiune-produse","8":"product_tag-manometru","9":"product_tag-manometru-cu-membrana","10":"product_tag-winters","12":"first","13":"instock","14":"shipping-taxable","15":"product-type-simple"},"acf":[],"_links":{"self":[{"href":"https:\/\/thtecheu.com\/ro\/wp-json\/wp\/v2\/product\/218","targetHints":{"allow":["GET"]}}],"collection":[{"href":"https:\/\/thtecheu.com\/ro\/wp-json\/wp\/v2\/product"}],"about":[{"href":"https:\/\/thtecheu.com\/ro\/wp-json\/wp\/v2\/types\/product"}],"replies":[{"embeddable":true,"href":"https:\/\/thtecheu.com\/ro\/wp-json\/wp\/v2\/comments?post=218"}],"wp:featuredmedia":[{"embeddable":true,"href":"https:\/\/thtecheu.com\/ro\/wp-json\/wp\/v2\/media\/325"}],"wp:attachment":[{"href":"https:\/\/thtecheu.com\/ro\/wp-json\/wp\/v2\/media?parent=218"}],"wp:term":[{"taxonomy":"product_brand","embeddable":true,"href":"https:\/\/thtecheu.com\/ro\/wp-json\/wp\/v2\/product_brand?post=218"},{"taxonomy":"product_cat","embeddable":true,"href":"https:\/\/thtecheu.com\/ro\/wp-json\/wp\/v2\/product_cat?post=218"},{"taxonomy":"product_tag","embeddable":true,"href":"https:\/\/thtecheu.com\/ro\/wp-json\/wp\/v2\/product_tag?post=218"}],"curies":[{"name":"wp","href":"https:\/\/api.w.org\/{rel}","templated":true}]}}