{"id":220,"date":"2025-06-23T09:44:01","date_gmt":"2025-06-23T07:44:01","guid":{"rendered":"https:\/\/thtecheu.com\/ro\/?post_type=product&#038;p=220"},"modified":"2025-06-23T12:38:06","modified_gmt":"2025-06-23T10:38:06","slug":"seria-al","status":"publish","type":"product","link":"https:\/\/thtecheu.com\/ro\/prodotto\/seria-al\/","title":{"rendered":"Seria AL"},"content":{"rendered":"<p>Seria AL \u0219i AL30 sunt potrivite \u00een special pentru suprafe\u021be nemetalice, metale vopsite, acoperite sau anodizate, AL390 pentru m\u0103surarea prin fl\u0103c\u0103ri \u0219i gaze de ardere, \u00een timp ce AL514 este potrivit \u00een special pentru m\u0103surarea temperaturii suprafe\u021bei sticlei.<\/p>\n<h3>\nCaracteristici principale<\/h3>\n<ul>\n<li>Modul cu patru fire cu ie\u0219ire analogic\u0103 de 4\u202620 mA sau 0\u202620 mA sau 0\u202610 V.<\/li>\n<li>Comunicare serial\u0103 RS-232\/RS-485.<\/li>\n<li>Indicator laser pentru o direc\u021bionare de \u00eenalt\u0103 precizie.<\/li>\n<li>Software Infrasoft pentru PC, u\u0219or de utilizat.<\/li>\n<\/ul>\n","protected":false},"excerpt":{"rendered":"<p>AL30 este potrivit \u00een special pentru suprafe\u021be nemetalice, metale vopsite, acoperite sau anodizate, AL390 pentru m\u0103surarea prin fl\u0103c\u0103ri \u0219i gaze de ardere, \u00een timp ce AL514 este potrivit \u00een special pentru m\u0103surarea temperaturii suprafe\u021bei sticlei.<\/p>\n","protected":false},"featured_media":332,"comment_status":"open","ping_status":"closed","template":"","meta":{"_acf_changed":false},"product_brand":[30],"product_cat":[123,121],"product_tag":[137,143,144,149,99],"class_list":{"0":"post-220","1":"product","2":"type-product","3":"status-publish","4":"has-post-thumbnail","6":"product_brand-tempsens","7":"product_cat-pirometre","8":"product_cat-temperatura-produse","9":"product_tag-pirometre","10":"product_tag-pirometre-de-temperatura","11":"product_tag-pirometre-fara-contact","12":"product_tag-seria-al","13":"product_tag-tempsens","15":"first","16":"instock","17":"shipping-taxable","18":"product-type-simple"},"acf":[],"_links":{"self":[{"href":"https:\/\/thtecheu.com\/ro\/wp-json\/wp\/v2\/product\/220","targetHints":{"allow":["GET"]}}],"collection":[{"href":"https:\/\/thtecheu.com\/ro\/wp-json\/wp\/v2\/product"}],"about":[{"href":"https:\/\/thtecheu.com\/ro\/wp-json\/wp\/v2\/types\/product"}],"replies":[{"embeddable":true,"href":"https:\/\/thtecheu.com\/ro\/wp-json\/wp\/v2\/comments?post=220"}],"wp:featuredmedia":[{"embeddable":true,"href":"https:\/\/thtecheu.com\/ro\/wp-json\/wp\/v2\/media\/332"}],"wp:attachment":[{"href":"https:\/\/thtecheu.com\/ro\/wp-json\/wp\/v2\/media?parent=220"}],"wp:term":[{"taxonomy":"product_brand","embeddable":true,"href":"https:\/\/thtecheu.com\/ro\/wp-json\/wp\/v2\/product_brand?post=220"},{"taxonomy":"product_cat","embeddable":true,"href":"https:\/\/thtecheu.com\/ro\/wp-json\/wp\/v2\/product_cat?post=220"},{"taxonomy":"product_tag","embeddable":true,"href":"https:\/\/thtecheu.com\/ro\/wp-json\/wp\/v2\/product_tag?post=220"}],"curies":[{"name":"wp","href":"https:\/\/api.w.org\/{rel}","templated":true}]}}