{"id":379,"date":"2025-06-23T09:44:59","date_gmt":"2025-06-23T07:44:59","guid":{"rendered":"https:\/\/thtecheu.com\/ro\/?post_type=product&#038;p=379"},"modified":"2025-06-23T12:12:14","modified_gmt":"2025-06-23T10:12:14","slug":"seria-t","status":"publish","type":"product","link":"https:\/\/thtecheu.com\/ro\/prodotto\/seria-t\/","title":{"rendered":"Seria T"},"content":{"rendered":"<h3>Caracteristici principale Seria T<\/h3>\n<ul>\n<li>Pirometrele din seria T sunt extrem de precise \u0219i compacte, cu o carcas\u0103 din o\u021bel inoxidabil pentru a asigura o siguran\u021b\u0103 opera\u021bional\u0103 ridicat\u0103 \u00een medii industriale dure.<\/li>\n<li>Parametri precum subintervalul analogic, timpul de r\u0103spuns, selectorul de v\u00e2rf, selectorul de vale etc. pot fi preseta\u021bi din fabric\u0103 sau reglabili prin intermediul software-ului Infrasoft.<\/li>\n<li>Lumin\u0103 laser pentru direc\u021bionarea precis\u0103 a obiectului m\u0103surat.<\/li>\n<li>Ie\u0219ire digital\u0103 TTL.<\/li>\n<li>Dimensiune mic\u0103 a spotului.<\/li>\n<\/ul>\n","protected":false},"excerpt":{"rendered":"<p>Pirometrele din seria T sunt extrem de precise \u0219i compacte, cu o carcas\u0103 din o\u021bel inoxidabil pentru a asigura o siguran\u021b\u0103 opera\u021bional\u0103 ridicat\u0103 \u00een medii industriale dure.<\/p>\n","protected":false},"featured_media":396,"comment_status":"open","ping_status":"closed","template":"","meta":{"_acf_changed":false},"product_brand":[30],"product_cat":[123,121],"product_tag":[137,127,138,139,99],"class_list":{"0":"post-379","1":"product","2":"type-product","3":"status-publish","4":"has-post-thumbnail","6":"product_brand-tempsens","7":"product_cat-pirometre","8":"product_cat-temperatura-produse","9":"product_tag-pirometre","10":"product_tag-senzori-de-temperatura","11":"product_tag-senzori-fara-contact","12":"product_tag-seria-t","13":"product_tag-tempsens","15":"first","16":"instock","17":"shipping-taxable","18":"product-type-simple"},"acf":[],"_links":{"self":[{"href":"https:\/\/thtecheu.com\/ro\/wp-json\/wp\/v2\/product\/379","targetHints":{"allow":["GET"]}}],"collection":[{"href":"https:\/\/thtecheu.com\/ro\/wp-json\/wp\/v2\/product"}],"about":[{"href":"https:\/\/thtecheu.com\/ro\/wp-json\/wp\/v2\/types\/product"}],"replies":[{"embeddable":true,"href":"https:\/\/thtecheu.com\/ro\/wp-json\/wp\/v2\/comments?post=379"}],"wp:featuredmedia":[{"embeddable":true,"href":"https:\/\/thtecheu.com\/ro\/wp-json\/wp\/v2\/media\/396"}],"wp:attachment":[{"href":"https:\/\/thtecheu.com\/ro\/wp-json\/wp\/v2\/media?parent=379"}],"wp:term":[{"taxonomy":"product_brand","embeddable":true,"href":"https:\/\/thtecheu.com\/ro\/wp-json\/wp\/v2\/product_brand?post=379"},{"taxonomy":"product_cat","embeddable":true,"href":"https:\/\/thtecheu.com\/ro\/wp-json\/wp\/v2\/product_cat?post=379"},{"taxonomy":"product_tag","embeddable":true,"href":"https:\/\/thtecheu.com\/ro\/wp-json\/wp\/v2\/product_tag?post=379"}],"curies":[{"name":"wp","href":"https:\/\/api.w.org\/{rel}","templated":true}]}}