{"id":381,"date":"2025-06-23T09:45:00","date_gmt":"2025-06-23T07:45:00","guid":{"rendered":"https:\/\/thtecheu.com\/ro\/?post_type=product&#038;p=381"},"modified":"2025-06-24T11:14:49","modified_gmt":"2025-06-24T09:14:49","slug":"camere-termografice-online","status":"publish","type":"product","link":"https:\/\/thtecheu.com\/ro\/prodotto\/camere-termografice-online\/","title":{"rendered":"Camere termografice online"},"content":{"rendered":"<p>Camerele termografice online sunt dispozitive care detecteaz\u0103 energia infraro\u0219ie emis\u0103 \u0219i reflectat\u0103 de materiale \u0219i transform\u0103 factorul energetic detectat \u00eentr-o termogram\u0103.<\/p>\n","protected":false},"excerpt":{"rendered":"<p>Camerele termografice online sunt dispozitive care detecteaz\u0103 energia infraro\u0219ie emis\u0103 \u0219i reflectat\u0103 de materiale \u0219i transform\u0103 factorul energetic detectat \u00eentr-o termogram\u0103.<\/p>\n","protected":false},"featured_media":411,"comment_status":"open","ping_status":"closed","template":"","meta":{"_acf_changed":false},"product_brand":[30],"product_cat":[189,121],"product_tag":[129,132,128,127,99],"class_list":{"0":"post-381","1":"product","2":"type-product","3":"status-publish","4":"has-post-thumbnail","6":"product_brand-tempsens","7":"product_cat-camere-de-monitorizare-in-cuptorului","8":"product_cat-temperatura-produse","9":"product_tag-camere-de-termoviziune","10":"product_tag-camere-termografice","11":"product_tag-senzori-contactless","12":"product_tag-senzori-de-temperatura","13":"product_tag-tempsens","15":"first","16":"instock","17":"shipping-taxable","18":"product-type-simple"},"acf":[],"_links":{"self":[{"href":"https:\/\/thtecheu.com\/ro\/wp-json\/wp\/v2\/product\/381","targetHints":{"allow":["GET"]}}],"collection":[{"href":"https:\/\/thtecheu.com\/ro\/wp-json\/wp\/v2\/product"}],"about":[{"href":"https:\/\/thtecheu.com\/ro\/wp-json\/wp\/v2\/types\/product"}],"replies":[{"embeddable":true,"href":"https:\/\/thtecheu.com\/ro\/wp-json\/wp\/v2\/comments?post=381"}],"wp:featuredmedia":[{"embeddable":true,"href":"https:\/\/thtecheu.com\/ro\/wp-json\/wp\/v2\/media\/411"}],"wp:attachment":[{"href":"https:\/\/thtecheu.com\/ro\/wp-json\/wp\/v2\/media?parent=381"}],"wp:term":[{"taxonomy":"product_brand","embeddable":true,"href":"https:\/\/thtecheu.com\/ro\/wp-json\/wp\/v2\/product_brand?post=381"},{"taxonomy":"product_cat","embeddable":true,"href":"https:\/\/thtecheu.com\/ro\/wp-json\/wp\/v2\/product_cat?post=381"},{"taxonomy":"product_tag","embeddable":true,"href":"https:\/\/thtecheu.com\/ro\/wp-json\/wp\/v2\/product_tag?post=381"}],"curies":[{"name":"wp","href":"https:\/\/api.w.org\/{rel}","templated":true}]}}