{"id":384,"date":"2025-06-23T09:45:00","date_gmt":"2025-06-23T07:45:00","guid":{"rendered":"https:\/\/thtecheu.com\/ro\/?post_type=product&#038;p=384"},"modified":"2025-06-23T11:44:23","modified_gmt":"2025-06-23T09:44:23","slug":"debitmetru-vortex","status":"publish","type":"product","link":"https:\/\/thtecheu.com\/ro\/prodotto\/debitmetru-vortex\/","title":{"rendered":"Debitmetru Vortex"},"content":{"rendered":"<p>\u00cen lumea rapid\u0103 a automatiz\u0103rii industriale, m\u0103surarea precis\u0103 a debitului este esen\u021bial\u0103. Broil Sensotek Industries s-a pozi\u021bionat \u00een avangarda inova\u021biei cu debitmetrul s\u0103u inteligent avansat Vortex. Conceput pe baza principiului Karman Vortex Street, special pentru aplica\u021bii cu lichide, aer \u0219i abur cu v\u00e2scozitate redus\u0103, tehnologia de debitmetru cu abur aprobat\u0103 de IBR (Indian Boiler Regulation) promite nu numai precizie, ci \u0219i durabilitate \u0219i flexibilitate.<\/p>\n<h3>\nCaracteristici \u0219i beneficii cheie<\/h3>\n<p>Debitmetrul Broil Vortex este conceput pentru a oferi performan\u021be excep\u021bionale cu compensare a presiunii \u0219i temperaturii. Aceast\u0103 caracteristic\u0103 asigur\u0103 c\u0103 varia\u021bia condi\u021biilor de func\u021bionare nu compromite precizia debitului. \u00cen plus, utilizatorii pot beneficia de op\u021biuni de afi\u0219are la bord sau la distan\u021b\u0103, oferind versatilitate \u00een prezentarea datelor.<\/p>\n<h3>\nIe\u0219iri complete, afi\u0219are date \u0219i materiale de construc\u021bie<\/h3>\n<p>Integrarea inteligent\u0103 a tehnologiei diferen\u021biaz\u0103 debitmetrul Broil Vortex. Acesta dispune de mai multe op\u021biuni de ie\u0219ire, inclusiv HART, RS485, impulsuri \u0219i ie\u0219iri de la 4 la 20 mA. Aceast\u0103 adaptabilitate permite integrarea perfect\u0103 \u00een sistemele existente. Afi\u0219ajul prezint\u0103 clar datele de debit nominal \u00een volum \u0219i mas\u0103, oferind operatorilor informa\u021bii critice pentru optimizarea proceselor.<\/p>\n<p>Broil Sensotek Industries \u00ee\u0219i respect\u0103 constant promisiunea de solu\u021bii de m\u0103surare inteligente \u0219i de \u00eenalt\u0103 calitate. Cu debitmetrul Broil Vortex, companiile se pot a\u0219tepta la o reducere semnificativ\u0103 a erorilor de m\u0103surare \u0219i la o eficien\u021b\u0103 sporit\u0103 a procesului, aspecte vitale pentru men\u021binerea unui avantaj competitiv cu o precizie ridicat\u0103.<\/p>\n<h3>\nPrincipiul de func\u021bionare al debitmetrului Vortex<\/h3>\n<p>Principiul de func\u021bionare al debitmetrului vortex se \u00eenv\u00e2rte \u00een jurul fenomenului vortex Karman. Atunci c\u00e2nd fluidul curge peste un corp contondent, acesta genereaz\u0103 vortexuri alternante pe ambele p\u0103r\u021bi, rezult\u00e2nd un fenomen numit vortex Karman. Frecven\u021ba cu care se disperseaz\u0103 aceste vortexuri este direct propor\u021bional\u0103 cu debitul fluidului. Prin detectarea acestor vortexuri, debitmetrele Broil calculeaz\u0103 cu precizie debitele cu sau f\u0103r\u0103 compensare a presiunii \u0219i temperaturii, f\u0103r\u0103 a fi nevoie de piese mobile, deci f\u0103r\u0103 uzur\u0103, ceea ce le face fiabile \u00eentr-o varietate de condi\u021bii.<\/p>\n<h3>\nDesign<\/h3>\n<h4>Acoperit cu nailon sau PTFE<\/h4>\n<p>Debitmetrele vortex cu corp conic din PTFE sau nailon de la Sensotek Industries sunt concepute pentru aplica\u021bii de \u00eenalt\u0103 performan\u021b\u0103, \u00een special \u00een medii corozive, cum ar fi vaporii fenolici \u0219i gazele corozive. PTFE sau nailonul este cunoscut pentru rezisten\u021ba sa chimic\u0103 excelent\u0103 \u0219i toleran\u021ba la temperatur\u0103. Acest lucru face ca aparatele de m\u0103surat cu PTFE s\u0103 fie ideale pentru industrii precum cea farmaceutic\u0103 \u0219i chimic\u0103, unde materialele agresive sunt comune. Precizia \u0219i fiabilitatea lor ajut\u0103 la men\u021binerea unor opera\u021biuni eficiente.<\/p>\n<p><img fetchpriority=\"high\" decoding=\"async\" class=\"alignnone wp-image-235\" src=\"https:\/\/studioande.com\/thtech\/wp-content\/uploads\/sites\/7\/2025\/05\/company-brocher-Op1-768x602-1.avif\" alt=\"Misuratore di portata a vortice\" width=\"260\" height=\"204\" \/><\/p>\n<h3>Corp metalic<\/h3>\n<p>Debitmetrele Vortex sunt instrumente esen\u021biale \u00een multe industrii, permi\u021b\u00e2nd m\u0103surarea precis\u0103 a debitului de lichide, abur \u0219i gaze. Broil Sensotek Industries ofer\u0103 op\u021biuni inovatoare, \u00een special \u00een modele din o\u021bel inoxidabil 316 \u0219i o\u021bel turnat, cunoscute pentru fiabilitatea \u0219i precizia lor. De asemenea, disponibile cu conexiuni cu flan\u0219\u0103, sandwich \u0219i filetate, ideale pentru toate aplica\u021biile industriale de m\u0103surare a debitului.<\/p>\n<p><img decoding=\"async\" class=\"alignnone size-full wp-image-233\" src=\"https:\/\/studioande.com\/thtech\/wp-content\/uploads\/sites\/7\/2025\/05\/01-150x300-1.avif\" alt=\"Misuratore di portata a vortice\" width=\"150\" height=\"300\" \/><\/p>\n<h3>Caracteristici tehnice<\/h3>\n<table style=\"height: 781px\" border=\"1\" width=\"687\" cellspacing=\"0\" cellpadding=\"8\">\n<tbody>\n<tr>\n<td valign=\"TOP\" width=\"704\">\n<table style=\"height: 779px\" border=\"1\" width=\"707\" rules=\"COLS\" cellspacing=\"0\" cellpadding=\"1\" bgcolor=\"#ffffff\">\n<tbody>\n<tr valign=\"TOP\">\n<td bgcolor=\"#f0f0f0\" width=\"181\">Tip<\/td>\n<td bgcolor=\"#f0f0f0\" width=\"1241\">Display simplu sau dublu<\/td>\n<\/tr>\n<tr valign=\"TOP\">\n<td bgcolor=\"#ffffff\" width=\"181\">Intervalul diametrelor \u021bevii<\/td>\n<td bgcolor=\"#ffffff\" width=\"1241\">DN 15-DN1000<\/td>\n<\/tr>\n<tr valign=\"TOP\">\n<td bgcolor=\"#f0f0f0\" width=\"181\">Semnal de ie\u0219ire (senzor de debit)<\/td>\n<td bgcolor=\"#f0f0f0\" width=\"1241\">Ie\u0219iri HART, RS485, impulsuri, alarm\u0103 \u0219i 4-20 mA<\/td>\n<\/tr>\n<tr valign=\"TOP\">\n<td bgcolor=\"#ffffff\" width=\"181\">Tensiune de func\u021bionare<\/td>\n<td bgcolor=\"#ffffff\" width=\"1241\"><span lang=\"it-IT\">5~24 V CC\/230 V CA\/tobe<\/span><\/td>\n<\/tr>\n<tr valign=\"TOP\">\n<td bgcolor=\"#f0f0f0\" width=\"181\">Certificare de m\u0103surare<\/td>\n<td bgcolor=\"#f0f0f0\" width=\"1241\">Precizie liniar\u0103: 1% Precizie de repetare: 0,5%<\/td>\n<\/tr>\n<tr valign=\"TOP\">\n<td bgcolor=\"#ffffff\" width=\"181\">Presiune \u0219i temperatur\u0103<\/td>\n<td bgcolor=\"#ffffff\" width=\"1241\">10\/25\/40 bar, Temperatura fluidului: -20\u00b0C~+80\u00b0C\u2013300\u00b0C<\/td>\n<\/tr>\n<tr valign=\"TOP\">\n<td bgcolor=\"#f0f0f0\" width=\"181\">Partea umed\u0103<\/td>\n<td bgcolor=\"#f0f0f0\" width=\"1241\">O\u021bel turnat \/ SS304\/SS316\/Acoperire PTFE\/Nylon<\/td>\n<\/tr>\n<tr valign=\"TOP\">\n<td bgcolor=\"#ffffff\" width=\"181\">Nivel de protec\u021bie<\/td>\n<td bgcolor=\"#ffffff\" width=\"1241\">Tip IP68 \/ Tip IP65 \/ Ex db IIB T6 Gb \/ Exia IIC T4 \/ ATEX<\/td>\n<\/tr>\n<tr valign=\"TOP\">\n<td bgcolor=\"#f0f0f0\" width=\"181\">Conexiune<\/td>\n<td bgcolor=\"#f0f0f0\" width=\"1241\">Flan\u0219\u0103 \/ sandwich \/ filetat\u0103<\/td>\n<\/tr>\n<tr valign=\"TOP\">\n<td bgcolor=\"#ffffff\" width=\"181\" height=\"88\">Display<\/td>\n<td bgcolor=\"#ffffff\" width=\"1241\">Cu \u0219i f\u0103r\u0103 op\u021biune de compensare a presiunii<\/p>\n<p>\u0219i a temperaturii<\/td>\n<\/tr>\n<\/tbody>\n<\/table>\n<\/td>\n<\/tr>\n<\/tbody>\n<\/table>\n<h3>Aplica\u021bie pentru debitmetrul Vortex<\/h3>\n<p>Un debitmetru Karman Street este un instrument avansat utilizat pentru m\u0103surarea debitului de abur, lichide cu v\u00e2scozitate sc\u0103zut\u0103, aer \u0219i gaze. Integrarea sa cu afi\u0219aje digitale, cu \u0219i f\u0103r\u0103 compensare a procesului, ofer\u0103 monitorizare \u00een timp real \u0219i \u00eenregistrare a datelor, ceea ce este benefic \u00een multe industrii.<\/p>\n<p>\u00cen industrii precum generarea de energie, industria chimic\u0103, industria alimentar\u0103 \u0219i a b\u0103uturilor \u0219i industria farmaceutic\u0103, m\u0103surarea precis\u0103 a aburului este esen\u021bial\u0103. Debitmetrele vortex cu abur sunt adesea utilizate \u00een aceste situa\u021bii datorit\u0103 capacit\u0103\u021bii lor de a gestiona temperaturile \u0219i presiunile ridicate tipice sistemelor cu abur. Cu capacitatea inerent\u0103 de a m\u0103sura at\u00e2t debitul, c\u00e2t \u0219i debitul total, debitmetrele vortex exceleaz\u0103 \u00een mediile \u00een care precizia este critic\u0103.<\/p>\n<p>Lichidele, aerul \u0219i gazele cu v\u00e2scozitate sc\u0103zut\u0103 reprezint\u0103 un progres \u00een ceea ce prive\u0219te precizia \u0219i fiabilitatea. Aleg\u00e2nd debitmetrul vortex potrivit pentru nevoile dumneavoastr\u0103 specifice, pute\u021bi asigura o func\u021bionare lin\u0103 \u0219i eficient\u0103. Acestea sunt utilizate pe scar\u0103 larg\u0103 \u00een industria alimentar\u0103 \u0219i a b\u0103uturilor, HVAC, industria chimic\u0103, farmaceutic\u0103 \u0219i industria petrolier\u0103 \u0219i gazier\u0103.<\/p>\n<p>Aplicarea debitmetrelor vortex cu corpuri c\u0103ptu\u0219ite cu PTFE \u0219i nailon permite monitorizarea precis\u0103 a diferitelor fluide, inclusiv substan\u021be chimice agresive, gaze corozive, vapori fenolici \u0219i produse farmaceutice sensibile. Aceste debitmetre pot gestiona o gam\u0103 larg\u0103 de temperaturi \u0219i presiuni, ceea ce le face instrumente versatile pentru numeroase aplica\u021bii.<\/p>\n<h3>\nConcluzie<\/h3>\n<p>Debitmetrele Vortex devin din ce \u00een ce mai mult alegerea preferat\u0103 \u00een diverse industrii datorit\u0103 fiabilit\u0103\u021bii \u0219i preciziei lor \u00een m\u0103surarea aburului, aerului, gazelor \u0219i lichidelor cu v\u00e2scozitate sc\u0103zut\u0103. \u00cen\u021belegerea aplica\u021biei lor \u00een industria petrolului \u0219i gazelor, chimic\u0103, farmaceutic\u0103 \u0219i a centralelor termice este esen\u021bial\u0103 pentru a maximiza eficien\u021ba opera\u021bional\u0103 \u0219i a men\u021bine controlul calit\u0103\u021bii. Investi\u021bia \u00een instrumente de m\u0103surare a debitului de calitate este esen\u021bial\u0103 pentru orice industrie care \u00ee\u0219i propune s\u0103 \u00eembun\u0103t\u0103\u021beasc\u0103 eficacitatea proceselor sale.<\/p>\n","protected":false},"excerpt":{"rendered":"<p>\u00cen lumea rapid\u0103 a automatiz\u0103rii industriale, m\u0103surarea precis\u0103 a debitului este esen\u021bial\u0103. Broil Sensotek Industries s-a pozi\u021bionat \u00een avangarda inova\u021biei cu debitmetrul s\u0103u inteligent Vortex avansat. Conceput pe baza principiului Karman Vortex Street, special pentru aplica\u021bii cu lichide, aer \u0219i abur cu v\u00e2scozitate redus\u0103, tehnologia debitmetrului cu abur aprobat\u0103 de IBR (Indian Boiler Regulation) promite nu numai precizie, ci \u0219i durabilitate \u0219i flexibilitate.<\/p>\n","protected":false},"featured_media":427,"comment_status":"open","ping_status":"closed","template":"","meta":{"_acf_changed":false},"product_brand":[29],"product_cat":[124],"product_tag":[118,119,125,117],"class_list":{"0":"post-384","1":"product","2":"type-product","3":"status-publish","4":"has-post-thumbnail","6":"product_brand-broil","7":"product_cat-flux-produse","8":"product_tag-contor","9":"product_tag-debitmetru","10":"product_tag-debitmetru-vortex","11":"product_tag-gratar","13":"first","14":"instock","15":"shipping-taxable","16":"product-type-simple"},"acf":[],"_links":{"self":[{"href":"https:\/\/thtecheu.com\/ro\/wp-json\/wp\/v2\/product\/384","targetHints":{"allow":["GET"]}}],"collection":[{"href":"https:\/\/thtecheu.com\/ro\/wp-json\/wp\/v2\/product"}],"about":[{"href":"https:\/\/thtecheu.com\/ro\/wp-json\/wp\/v2\/types\/product"}],"replies":[{"embeddable":true,"href":"https:\/\/thtecheu.com\/ro\/wp-json\/wp\/v2\/comments?post=384"}],"wp:featuredmedia":[{"embeddable":true,"href":"https:\/\/thtecheu.com\/ro\/wp-json\/wp\/v2\/media\/427"}],"wp:attachment":[{"href":"https:\/\/thtecheu.com\/ro\/wp-json\/wp\/v2\/media?parent=384"}],"wp:term":[{"taxonomy":"product_brand","embeddable":true,"href":"https:\/\/thtecheu.com\/ro\/wp-json\/wp\/v2\/product_brand?post=384"},{"taxonomy":"product_cat","embeddable":true,"href":"https:\/\/thtecheu.com\/ro\/wp-json\/wp\/v2\/product_cat?post=384"},{"taxonomy":"product_tag","embeddable":true,"href":"https:\/\/thtecheu.com\/ro\/wp-json\/wp\/v2\/product_tag?post=384"}],"curies":[{"name":"wp","href":"https:\/\/api.w.org\/{rel}","templated":true}]}}